{"id":48928,"date":"2023-11-21T16:21:45","date_gmt":"2023-11-21T15:21:45","guid":{"rendered":"https:\/\/www.bernardbonnefond.com\/?page_id=48928"},"modified":"2024-01-23T10:39:40","modified_gmt":"2024-01-23T09:39:40","slug":"cookies","status":"publish","type":"page","link":"http:\/\/www.bernardbonnefond.com\/en\/cookies\/","title":{"rendered":"Cookies"},"content":{"rendered":"<div data-elementor-type=\"wp-page\" data-elementor-id=\"48928\" class=\"elementor elementor-48928\" data-elementor-settings=\"{&quot;ha_cmc_init_switcher&quot;:&quot;no&quot;}\" data-elementor-post-type=\"page\">\n\t\t\t\t\t\t<section class=\"has_eae_slider elementor-section elementor-top-section elementor-element elementor-element-6e3a256 elementor-section-boxed elementor-section-height-default elementor-section-height-default\" data-eae-slider=\"54728\" data-id=\"6e3a256\" data-element_type=\"section\" data-e-type=\"section\" data-settings=\"{&quot;_ha_eqh_enable&quot;:false}\">\n\t\t\t\t\t\t<div class=\"elementor-container elementor-column-gap-default\">\n\t\t\t\t\t<div class=\"has_eae_slider elementor-column elementor-col-100 elementor-top-column elementor-element elementor-element-48f4c17\" data-eae-slider=\"6808\" data-id=\"48f4c17\" data-element_type=\"column\" data-e-type=\"column\">\n\t\t\t<div class=\"elementor-widget-wrap elementor-element-populated\">\n\t\t\t\t\t\t<div class=\"elementor-element elementor-element-63d6afd elementor-widget elementor-widget-spacer\" data-id=\"63d6afd\" data-element_type=\"widget\" data-e-type=\"widget\" data-widget_type=\"spacer.default\">\n\t\t\t\t<div class=\"elementor-widget-container\">\n\t\t\t\t\t\t\t<div class=\"elementor-spacer\">\n\t\t\t<div class=\"elementor-spacer-inner\"><\/div>\n\t\t<\/div>\n\t\t\t\t\t\t<\/div>\n\t\t\t\t<\/div>\n\t\t\t\t<div class=\"elementor-element elementor-element-5eac933 elementor-widget elementor-widget-heading\" data-id=\"5eac933\" data-element_type=\"widget\" data-e-type=\"widget\" data-widget_type=\"heading.default\">\n\t\t\t\t<div class=\"elementor-widget-container\">\n\t\t\t\t\t<h2 class=\"elementor-heading-title elementor-size-default\">Cookie settings<\/h2>\t\t\t\t<\/div>\n\t\t\t\t<\/div>\n\t\t\t\t<div class=\"elementor-element elementor-element-38fa1e2 elementor-widget elementor-widget-spacer\" data-id=\"38fa1e2\" data-element_type=\"widget\" data-e-type=\"widget\" data-widget_type=\"spacer.default\">\n\t\t\t\t<div class=\"elementor-widget-container\">\n\t\t\t\t\t\t\t<div class=\"elementor-spacer\">\n\t\t\t<div class=\"elementor-spacer-inner\"><\/div>\n\t\t<\/div>\n\t\t\t\t\t\t<\/div>\n\t\t\t\t<\/div>\n\t\t\t\t<div class=\"elementor-element elementor-element-1ef055b elementor-widget elementor-widget-text-editor\" data-id=\"1ef055b\" data-element_type=\"widget\" data-e-type=\"widget\" data-widget_type=\"text-editor.default\">\n\t\t\t\t<div class=\"elementor-widget-container\">\n\t\t\t\t\t\t\t\t\t<p>In accordance with the provisions of Article 6 of Law No. 2004-575 of 21 June 2004 on confidence in the digital economy (LCEN) and Law No. 78-17 of 6 January 1978 on data processing, data files and individual liberties, we hereby inform you of the following:<\/p>\t\t\t\t\t\t\t\t<\/div>\n\t\t\t\t<\/div>\n\t\t\t\t<div class=\"elementor-element elementor-element-de202e5 elementor-widget elementor-widget-spacer\" data-id=\"de202e5\" data-element_type=\"widget\" data-e-type=\"widget\" data-widget_type=\"spacer.default\">\n\t\t\t\t<div class=\"elementor-widget-container\">\n\t\t\t\t\t\t\t<div class=\"elementor-spacer\">\n\t\t\t<div class=\"elementor-spacer-inner\"><\/div>\n\t\t<\/div>\n\t\t\t\t\t\t<\/div>\n\t\t\t\t<\/div>\n\t\t\t\t<section class=\"has_eae_slider elementor-section elementor-inner-section elementor-element elementor-element-9409ce7 elementor-section-boxed elementor-section-height-default elementor-section-height-default\" data-eae-slider=\"64569\" data-id=\"9409ce7\" data-element_type=\"section\" data-e-type=\"section\" data-settings=\"{&quot;_ha_eqh_enable&quot;:false}\">\n\t\t\t\t\t\t<div class=\"elementor-container elementor-column-gap-default\">\n\t\t\t\t\t<div class=\"has_eae_slider elementor-column elementor-col-50 elementor-inner-column elementor-element elementor-element-6b98797\" data-eae-slider=\"40215\" data-id=\"6b98797\" data-element_type=\"column\" data-e-type=\"column\">\n\t\t\t<div class=\"elementor-widget-wrap elementor-element-populated\">\n\t\t\t\t\t\t<div class=\"elementor-element elementor-element-1ad6cde elementor-widget elementor-widget-heading\" data-id=\"1ad6cde\" data-element_type=\"widget\" data-e-type=\"widget\" data-widget_type=\"heading.default\">\n\t\t\t\t<div class=\"elementor-widget-container\">\n\t\t\t\t\t<h2 class=\"elementor-heading-title elementor-size-default\">Types of cookies we may use :<\/h2>\t\t\t\t<\/div>\n\t\t\t\t<\/div>\n\t\t\t\t<div class=\"elementor-element elementor-element-8a9bd4c elementor-widget elementor-widget-text-editor\" data-id=\"8a9bd4c\" data-element_type=\"widget\" data-e-type=\"widget\" data-widget_type=\"text-editor.default\">\n\t\t\t\t<div class=\"elementor-widget-container\">\n\t\t\t\t\t\t\t\t\t<ol><li><p><strong>Essential cookies :<\/strong> These cookies are necessary for our website to function properly. They include session cookies, which allow you to remain logged in, and security cookies, which protect your account.<\/p><\/li><li><p><strong>Performance cookies :<\/strong> These cookies collect information about how you use our website. They help us to improve user-friendliness and identify any performance problems.<\/p><\/li><li><p><strong>Functionality cookies :<\/strong> These cookies enable the site to remember your preferences (such as language or region) and provide a more personalised experience.<\/p><\/li><li><p><strong>Advertising and third-party cookies :<\/strong> These cookies track your browsing behaviour and help us to deliver targeted advertising. We may also authorise third parties, such as social networks, to place cookies on our site.<\/p><\/li><\/ol>\t\t\t\t\t\t\t\t<\/div>\n\t\t\t\t<\/div>\n\t\t\t\t<div class=\"elementor-element elementor-element-51bb5ce elementor-widget elementor-widget-spacer\" data-id=\"51bb5ce\" data-element_type=\"widget\" data-e-type=\"widget\" data-widget_type=\"spacer.default\">\n\t\t\t\t<div class=\"elementor-widget-container\">\n\t\t\t\t\t\t\t<div class=\"elementor-spacer\">\n\t\t\t<div class=\"elementor-spacer-inner\"><\/div>\n\t\t<\/div>\n\t\t\t\t\t\t<\/div>\n\t\t\t\t<\/div>\n\t\t\t\t\t<\/div>\n\t\t<\/div>\n\t\t\t\t<div class=\"has_eae_slider elementor-column elementor-col-50 elementor-inner-column elementor-element elementor-element-fae9258\" data-eae-slider=\"24354\" data-id=\"fae9258\" data-element_type=\"column\" data-e-type=\"column\">\n\t\t\t<div class=\"elementor-widget-wrap elementor-element-populated\">\n\t\t\t\t\t\t<div class=\"elementor-element elementor-element-61eaffd elementor-widget elementor-widget-heading\" data-id=\"61eaffd\" data-element_type=\"widget\" data-e-type=\"widget\" data-widget_type=\"heading.default\">\n\t\t\t\t<div class=\"elementor-widget-container\">\n\t\t\t\t\t<h2 class=\"elementor-heading-title elementor-size-default\">Manage your Preferences :<\/h2>\t\t\t\t<\/div>\n\t\t\t\t<\/div>\n\t\t\t\t<div class=\"elementor-element elementor-element-fc8db5f elementor-widget elementor-widget-text-editor\" data-id=\"fc8db5f\" data-element_type=\"widget\" data-e-type=\"widget\" data-widget_type=\"text-editor.default\">\n\t\t\t\t<div class=\"elementor-widget-container\">\n\t\t\t\t\t\t\t\t\t<p>You have full control over the cookies you accept or refuse. When you first visit our site, you can personalise your cookie settings by clicking on \"Manage cookies\" or a similar link that appears. You can change these settings at any time by accessing the \"Cookie settings\" page in the footer of our site.<\/p>\t\t\t\t\t\t\t\t<\/div>\n\t\t\t\t<\/div>\n\t\t\t\t<div class=\"elementor-element elementor-element-542f835 elementor-widget elementor-widget-spacer\" data-id=\"542f835\" data-element_type=\"widget\" data-e-type=\"widget\" data-widget_type=\"spacer.default\">\n\t\t\t\t<div class=\"elementor-widget-container\">\n\t\t\t\t\t\t\t<div class=\"elementor-spacer\">\n\t\t\t<div class=\"elementor-spacer-inner\"><\/div>\n\t\t<\/div>\n\t\t\t\t\t\t<\/div>\n\t\t\t\t<\/div>\n\t\t\t\t<div class=\"elementor-element elementor-element-a91b11c elementor-widget elementor-widget-heading\" data-id=\"a91b11c\" data-element_type=\"widget\" data-e-type=\"widget\" data-widget_type=\"heading.default\">\n\t\t\t\t<div class=\"elementor-widget-container\">\n\t\t\t\t\t<h2 class=\"elementor-heading-title elementor-size-default\">Consent :<\/h2>\t\t\t\t<\/div>\n\t\t\t\t<\/div>\n\t\t\t\t<div class=\"elementor-element elementor-element-55abd36 elementor-widget elementor-widget-text-editor\" data-id=\"55abd36\" data-element_type=\"widget\" data-e-type=\"widget\" data-widget_type=\"text-editor.default\">\n\t\t\t\t<div class=\"elementor-widget-container\">\n\t\t\t\t\t\t\t\t\t<p>By using our website, you consent to the use of cookies in accordance with your personalised settings. You can also withdraw your consent at any time by changing your cookie preferences.<\/p>\t\t\t\t\t\t\t\t<\/div>\n\t\t\t\t<\/div>\n\t\t\t\t<div class=\"elementor-element elementor-element-04aa625 elementor-widget elementor-widget-spacer\" data-id=\"04aa625\" data-element_type=\"widget\" data-e-type=\"widget\" data-widget_type=\"spacer.default\">\n\t\t\t\t<div class=\"elementor-widget-container\">\n\t\t\t\t\t\t\t<div class=\"elementor-spacer\">\n\t\t\t<div class=\"elementor-spacer-inner\"><\/div>\n\t\t<\/div>\n\t\t\t\t\t\t<\/div>\n\t\t\t\t<\/div>\n\t\t\t\t\t<\/div>\n\t\t<\/div>\n\t\t\t\t\t<\/div>\n\t\t<\/section>\n\t\t\t\t<div class=\"elementor-element elementor-element-b6443c2 elementor-widget elementor-widget-heading\" data-id=\"b6443c2\" data-element_type=\"widget\" data-e-type=\"widget\" data-widget_type=\"heading.default\">\n\t\t\t\t<div class=\"elementor-widget-container\">\n\t\t\t\t\t<h2 class=\"elementor-heading-title elementor-size-default\">For further information:<\/h2>\t\t\t\t<\/div>\n\t\t\t\t<\/div>\n\t\t\t\t<div class=\"elementor-element elementor-element-ebd8fac elementor-widget elementor-widget-text-editor\" data-id=\"ebd8fac\" data-element_type=\"widget\" data-e-type=\"widget\" data-widget_type=\"text-editor.default\">\n\t\t\t\t<div class=\"elementor-widget-container\">\n\t\t\t\t\t\t\t\t\t<p>If you would like to know more about our use of cookies and how we protect your personal data, please consult our privacy policy. We are committed to respecting your privacy and ensuring a seamless browsing experience.<\/p><p>We hope that these cookie settings give you complete control over your experience on our website. Your satisfaction is our priority, and we are here to answer any questions you may have about our cookie policy.<\/p>\t\t\t\t\t\t\t\t<\/div>\n\t\t\t\t<\/div>\n\t\t\t\t<div class=\"elementor-element elementor-element-3aeee5a elementor-widget elementor-widget-spacer\" data-id=\"3aeee5a\" data-element_type=\"widget\" data-e-type=\"widget\" data-widget_type=\"spacer.default\">\n\t\t\t\t<div class=\"elementor-widget-container\">\n\t\t\t\t\t\t\t<div class=\"elementor-spacer\">\n\t\t\t<div class=\"elementor-spacer-inner\"><\/div>\n\t\t<\/div>\n\t\t\t\t\t\t<\/div>\n\t\t\t\t<\/div>\n\t\t\t\t<div class=\"elementor-element elementor-element-3de2f69 elementor-widget elementor-widget-text-editor\" data-id=\"3de2f69\" data-element_type=\"widget\" data-e-type=\"widget\" data-widget_type=\"text-editor.default\">\n\t\t\t\t<div class=\"elementor-widget-container\">\n\t\t\t\t\t\t\t\t\t<p>If you have any questions or queries, please contact us at general@bernardbonnefond.com and guillaume.monchalin@bernardbonnefond.com<\/p>\t\t\t\t\t\t\t\t<\/div>\n\t\t\t\t<\/div>\n\t\t\t\t<div class=\"elementor-element elementor-element-9c3b149 elementor-widget elementor-widget-spacer\" data-id=\"9c3b149\" data-element_type=\"widget\" data-e-type=\"widget\" data-widget_type=\"spacer.default\">\n\t\t\t\t<div class=\"elementor-widget-container\">\n\t\t\t\t\t\t\t<div class=\"elementor-spacer\">\n\t\t\t<div class=\"elementor-spacer-inner\"><\/div>\n\t\t<\/div>\n\t\t\t\t\t\t<\/div>\n\t\t\t\t<\/div>\n\t\t\t\t<div class=\"elementor-element elementor-element-d5524f1 elementor-widget elementor-widget-heading\" data-id=\"d5524f1\" data-element_type=\"widget\" data-e-type=\"widget\" data-widget_type=\"heading.default\">\n\t\t\t\t<div class=\"elementor-widget-container\">\n\t\t\t\t\t<h2 class=\"elementor-heading-title elementor-size-default\">Date of last update of cookie settings: 18\/10\/2023<\/h2>\t\t\t\t<\/div>\n\t\t\t\t<\/div>\n\t\t\t\t\t<\/div>\n\t\t<\/div>\n\t\t\t\t\t<\/div>\n\t\t<\/section>\n\t\t\t\t<\/div>","protected":false},"excerpt":{"rendered":"<p>Param\u00e8tres des cookies Conform\u00e9ment aux dispositions de l&rsquo;article 6 de la loi n\u00b0 2004-575 du 21 juin 2004 pour la confiance dans l&rsquo;\u00e9conomie num\u00e9rique (LCEN) et de la loi n\u00b0 78-17 du 6 janvier 1978 relative \u00e0 l&rsquo;informatique, aux fichiers et aux libert\u00e9s, nous vous informons des \u00e9l\u00e9ments suivants : Types de Cookies que nous [&hellip;]<\/p>\n","protected":false},"author":7,"featured_media":0,"parent":0,"menu_order":0,"comment_status":"closed","ping_status":"closed","template":"","meta":{"footnotes":""},"class_list":["post-48928","page","type-page","status-publish","hentry"],"_links":{"self":[{"href":"http:\/\/www.bernardbonnefond.com\/en\/wp-json\/wp\/v2\/pages\/48928","targetHints":{"allow":["GET"]}}],"collection":[{"href":"http:\/\/www.bernardbonnefond.com\/en\/wp-json\/wp\/v2\/pages"}],"about":[{"href":"http:\/\/www.bernardbonnefond.com\/en\/wp-json\/wp\/v2\/types\/page"}],"author":[{"embeddable":true,"href":"http:\/\/www.bernardbonnefond.com\/en\/wp-json\/wp\/v2\/users\/7"}],"replies":[{"embeddable":true,"href":"http:\/\/www.bernardbonnefond.com\/en\/wp-json\/wp\/v2\/comments?post=48928"}],"version-history":[{"count":7,"href":"http:\/\/www.bernardbonnefond.com\/en\/wp-json\/wp\/v2\/pages\/48928\/revisions"}],"predecessor-version":[{"id":49157,"href":"http:\/\/www.bernardbonnefond.com\/en\/wp-json\/wp\/v2\/pages\/48928\/revisions\/49157"}],"wp:attachment":[{"href":"http:\/\/www.bernardbonnefond.com\/en\/wp-json\/wp\/v2\/media?parent=48928"}],"curies":[{"name":"wp","href":"https:\/\/api.w.org\/{rel}","templated":true}]}}