{"id":48963,"date":"2023-11-21T17:23:43","date_gmt":"2023-11-21T16:23:43","guid":{"rendered":"https:\/\/www.bernardbonnefond.com\/?page_id=48963"},"modified":"2024-01-23T10:39:41","modified_gmt":"2024-01-23T09:39:41","slug":"politique-de-confidentialite","status":"publish","type":"page","link":"http:\/\/www.bernardbonnefond.com\/fr\/politique-de-confidentialite\/","title":{"rendered":"Politique de confidentialit\u00e9"},"content":{"rendered":"\t\t<div data-elementor-type=\"wp-page\" data-elementor-id=\"48963\" class=\"elementor elementor-48963\" data-elementor-settings=\"{&quot;ha_cmc_init_switcher&quot;:&quot;no&quot;}\" data-elementor-post-type=\"page\">\n\t\t\t\t\t\t<section class=\"has_eae_slider elementor-section elementor-top-section elementor-element elementor-element-a362b5f elementor-section-boxed elementor-section-height-default elementor-section-height-default\" data-eae-slider=\"30567\" data-id=\"a362b5f\" data-element_type=\"section\" data-e-type=\"section\" data-settings=\"{&quot;_ha_eqh_enable&quot;:false}\">\n\t\t\t\t\t\t<div class=\"elementor-container elementor-column-gap-default\">\n\t\t\t\t\t<div class=\"has_eae_slider elementor-column elementor-col-100 elementor-top-column elementor-element elementor-element-c4ad601\" data-eae-slider=\"1407\" data-id=\"c4ad601\" data-element_type=\"column\" data-e-type=\"column\">\n\t\t\t<div class=\"elementor-widget-wrap elementor-element-populated\">\n\t\t\t\t\t\t<div class=\"elementor-element elementor-element-8571d96 elementor-widget elementor-widget-spacer\" data-id=\"8571d96\" data-element_type=\"widget\" data-e-type=\"widget\" data-widget_type=\"spacer.default\">\n\t\t\t\t<div class=\"elementor-widget-container\">\n\t\t\t\t\t\t\t<div class=\"elementor-spacer\">\n\t\t\t<div class=\"elementor-spacer-inner\"><\/div>\n\t\t<\/div>\n\t\t\t\t\t\t<\/div>\n\t\t\t\t<\/div>\n\t\t\t\t<div class=\"elementor-element elementor-element-eceff10 elementor-widget elementor-widget-heading\" data-id=\"eceff10\" data-element_type=\"widget\" data-e-type=\"widget\" data-widget_type=\"heading.default\">\n\t\t\t\t<div class=\"elementor-widget-container\">\n\t\t\t\t\t<h2 class=\"elementor-heading-title elementor-size-default\">Politique de confidentialit\u00e9<\/h2>\t\t\t\t<\/div>\n\t\t\t\t<\/div>\n\t\t\t\t<div class=\"elementor-element elementor-element-11aaae3 elementor-widget elementor-widget-spacer\" data-id=\"11aaae3\" data-element_type=\"widget\" data-e-type=\"widget\" data-widget_type=\"spacer.default\">\n\t\t\t\t<div class=\"elementor-widget-container\">\n\t\t\t\t\t\t\t<div class=\"elementor-spacer\">\n\t\t\t<div class=\"elementor-spacer-inner\"><\/div>\n\t\t<\/div>\n\t\t\t\t\t\t<\/div>\n\t\t\t\t<\/div>\n\t\t\t\t<div class=\"elementor-element elementor-element-d0529b4 elementor-widget elementor-widget-text-editor\" data-id=\"d0529b4\" data-element_type=\"widget\" data-e-type=\"widget\" data-widget_type=\"text-editor.default\">\n\t\t\t\t<div class=\"elementor-widget-container\">\n\t\t\t\t\t\t\t\t\t<p><em>Date d&rsquo;entr\u00e9e en vigueur : 18\/10\/2023<\/em><\/p><p>Chez Bernard Bonnefond, nous attachons une grande importance \u00e0 la protection de vos informations personnelles. Cette politique de confidentialit\u00e9 vise \u00e0 vous informer sur la mani\u00e8re dont nous collectons, utilisons, partageons et prot\u00e9geons vos donn\u00e9es lorsque vous visitez notre site web et interagissez avec nos services. Nous vous encourageons \u00e0 lire attentivement cette politique afin de comprendre comment nous traitons vos informations.<\/p>\t\t\t\t\t\t\t\t<\/div>\n\t\t\t\t<\/div>\n\t\t\t\t<div class=\"elementor-element elementor-element-f6c7274 elementor-widget elementor-widget-spacer\" data-id=\"f6c7274\" data-element_type=\"widget\" data-e-type=\"widget\" data-widget_type=\"spacer.default\">\n\t\t\t\t<div class=\"elementor-widget-container\">\n\t\t\t\t\t\t\t<div class=\"elementor-spacer\">\n\t\t\t<div class=\"elementor-spacer-inner\"><\/div>\n\t\t<\/div>\n\t\t\t\t\t\t<\/div>\n\t\t\t\t<\/div>\n\t\t\t\t<section class=\"has_eae_slider elementor-section elementor-inner-section elementor-element elementor-element-3de3535 elementor-section-boxed elementor-section-height-default elementor-section-height-default\" data-eae-slider=\"48058\" data-id=\"3de3535\" data-element_type=\"section\" data-e-type=\"section\" data-settings=\"{&quot;_ha_eqh_enable&quot;:false}\">\n\t\t\t\t\t\t<div class=\"elementor-container elementor-column-gap-default\">\n\t\t\t\t\t<div class=\"has_eae_slider elementor-column elementor-col-50 elementor-inner-column elementor-element elementor-element-211635d\" data-eae-slider=\"98375\" data-id=\"211635d\" data-element_type=\"column\" data-e-type=\"column\">\n\t\t\t<div class=\"elementor-widget-wrap elementor-element-populated\">\n\t\t\t\t\t\t<div class=\"elementor-element elementor-element-75f8274 elementor-widget elementor-widget-heading\" data-id=\"75f8274\" data-element_type=\"widget\" data-e-type=\"widget\" data-widget_type=\"heading.default\">\n\t\t\t\t<div class=\"elementor-widget-container\">\n\t\t\t\t\t<h2 class=\"elementor-heading-title elementor-size-default\">Collecte d'informations :<\/h2>\t\t\t\t<\/div>\n\t\t\t\t<\/div>\n\t\t\t\t<div class=\"elementor-element elementor-element-9df5702 elementor-widget elementor-widget-text-editor\" data-id=\"9df5702\" data-element_type=\"widget\" data-e-type=\"widget\" data-widget_type=\"text-editor.default\">\n\t\t\t\t<div class=\"elementor-widget-container\">\n\t\t\t\t\t\t\t\t\t<p>Lorsque vous visitez notre site web, nous pouvons collecter des informations, notamment des donn\u00e9es d&rsquo;analyse de site web, des informations sur votre appareil, votre adresse IP et des donn\u00e9es de navigation. Nous pouvons \u00e9galement collecter des informations personnelles lorsque vous choisissez de nous les fournir, par exemple, lorsque vous remplissez un formulaire de contact ou vous abonnez \u00e0 notre newsletter.<\/p>\t\t\t\t\t\t\t\t<\/div>\n\t\t\t\t<\/div>\n\t\t\t\t<div class=\"elementor-element elementor-element-033d4d4 elementor-widget elementor-widget-spacer\" data-id=\"033d4d4\" data-element_type=\"widget\" data-e-type=\"widget\" data-widget_type=\"spacer.default\">\n\t\t\t\t<div class=\"elementor-widget-container\">\n\t\t\t\t\t\t\t<div class=\"elementor-spacer\">\n\t\t\t<div class=\"elementor-spacer-inner\"><\/div>\n\t\t<\/div>\n\t\t\t\t\t\t<\/div>\n\t\t\t\t<\/div>\n\t\t\t\t<div class=\"elementor-element elementor-element-b13bbe2 elementor-widget elementor-widget-heading\" data-id=\"b13bbe2\" data-element_type=\"widget\" data-e-type=\"widget\" data-widget_type=\"heading.default\">\n\t\t\t\t<div class=\"elementor-widget-container\">\n\t\t\t\t\t<h2 class=\"elementor-heading-title elementor-size-default\">Formulaire de contact et de candidature :\n<\/h2>\t\t\t\t<\/div>\n\t\t\t\t<\/div>\n\t\t\t\t<div class=\"elementor-element elementor-element-7ac4616 elementor-widget elementor-widget-text-editor\" data-id=\"7ac4616\" data-element_type=\"widget\" data-e-type=\"widget\" data-widget_type=\"text-editor.default\">\n\t\t\t\t<div class=\"elementor-widget-container\">\n\t\t\t\t\t\t\t\t\t<p>Lorsque vous utilisez notre formulaire de contact pour nous envoyer des questions ou des commentaires, nous collectons les informations que vous choisissez de partager, telles que votre nom, votre adresse e-mail et votre message. Ces informations ne seront utilis\u00e9es que pour r\u00e9pondre \u00e0 votre demande et fournir un service de qualit\u00e9. Nous ne partageons pas ces informations avec des tiers sans votre consentement explicite.<\/p>\t\t\t\t\t\t\t\t<\/div>\n\t\t\t\t<\/div>\n\t\t\t\t<div class=\"elementor-element elementor-element-ba88e2d elementor-widget elementor-widget-spacer\" data-id=\"ba88e2d\" data-element_type=\"widget\" data-e-type=\"widget\" data-widget_type=\"spacer.default\">\n\t\t\t\t<div class=\"elementor-widget-container\">\n\t\t\t\t\t\t\t<div class=\"elementor-spacer\">\n\t\t\t<div class=\"elementor-spacer-inner\"><\/div>\n\t\t<\/div>\n\t\t\t\t\t\t<\/div>\n\t\t\t\t<\/div>\n\t\t\t\t<div class=\"elementor-element elementor-element-62e2d14 elementor-widget elementor-widget-heading\" data-id=\"62e2d14\" data-element_type=\"widget\" data-e-type=\"widget\" data-widget_type=\"heading.default\">\n\t\t\t\t<div class=\"elementor-widget-container\">\n\t\t\t\t\t<h2 class=\"elementor-heading-title elementor-size-default\">Partage d'Informations :<\/h2>\t\t\t\t<\/div>\n\t\t\t\t<\/div>\n\t\t\t\t<div class=\"elementor-element elementor-element-08e7cbe elementor-widget elementor-widget-text-editor\" data-id=\"08e7cbe\" data-element_type=\"widget\" data-e-type=\"widget\" data-widget_type=\"text-editor.default\">\n\t\t\t\t<div class=\"elementor-widget-container\">\n\t\t\t\t\t\t\t\t\t<p>Nous ne partageons vos informations personnelles qu&rsquo;avec des tiers lorsque cela est n\u00e9cessaire pour fournir nos services ou lorsque la loi l&rsquo;exige. Nous ne vendons pas vos donn\u00e9es personnelles \u00e0 des tiers \u00e0 des fins de marketing.<\/p>\t\t\t\t\t\t\t\t<\/div>\n\t\t\t\t<\/div>\n\t\t\t\t<div class=\"elementor-element elementor-element-db12d5b elementor-widget elementor-widget-spacer\" data-id=\"db12d5b\" data-element_type=\"widget\" data-e-type=\"widget\" data-widget_type=\"spacer.default\">\n\t\t\t\t<div class=\"elementor-widget-container\">\n\t\t\t\t\t\t\t<div class=\"elementor-spacer\">\n\t\t\t<div class=\"elementor-spacer-inner\"><\/div>\n\t\t<\/div>\n\t\t\t\t\t\t<\/div>\n\t\t\t\t<\/div>\n\t\t\t\t\t<\/div>\n\t\t<\/div>\n\t\t\t\t<div class=\"has_eae_slider elementor-column elementor-col-50 elementor-inner-column elementor-element elementor-element-922fd81\" data-eae-slider=\"46450\" data-id=\"922fd81\" data-element_type=\"column\" data-e-type=\"column\">\n\t\t\t<div class=\"elementor-widget-wrap elementor-element-populated\">\n\t\t\t\t\t\t<div class=\"elementor-element elementor-element-3d4dbb2 elementor-widget elementor-widget-heading\" data-id=\"3d4dbb2\" data-element_type=\"widget\" data-e-type=\"widget\" data-widget_type=\"heading.default\">\n\t\t\t\t<div class=\"elementor-widget-container\">\n\t\t\t\t\t<h2 class=\"elementor-heading-title elementor-size-default\">Utilisation des informations :<\/h2>\t\t\t\t<\/div>\n\t\t\t\t<\/div>\n\t\t\t\t<div class=\"elementor-element elementor-element-21337d7 elementor-widget elementor-widget-text-editor\" data-id=\"21337d7\" data-element_type=\"widget\" data-e-type=\"widget\" data-widget_type=\"text-editor.default\">\n\t\t\t\t<div class=\"elementor-widget-container\">\n\t\t\t\t\t\t\t\t\t<p>Nous utilisons les informations collect\u00e9es pour am\u00e9liorer notre site web, personnaliser votre exp\u00e9rience, r\u00e9pondre \u00e0 vos demandes, vous envoyer des mises \u00e0 jour pertinentes et administrer notre site web. Vos donn\u00e9es ne seront pas utilis\u00e9es \u00e0 des fins autres que celles pour lesquelles elles ont \u00e9t\u00e9 collect\u00e9es, sauf accord pr\u00e9alable.<\/p>\t\t\t\t\t\t\t\t<\/div>\n\t\t\t\t<\/div>\n\t\t\t\t<div class=\"elementor-element elementor-element-970dcdf elementor-widget elementor-widget-spacer\" data-id=\"970dcdf\" data-element_type=\"widget\" data-e-type=\"widget\" data-widget_type=\"spacer.default\">\n\t\t\t\t<div class=\"elementor-widget-container\">\n\t\t\t\t\t\t\t<div class=\"elementor-spacer\">\n\t\t\t<div class=\"elementor-spacer-inner\"><\/div>\n\t\t<\/div>\n\t\t\t\t\t\t<\/div>\n\t\t\t\t<\/div>\n\t\t\t\t<div class=\"elementor-element elementor-element-7dfca2e elementor-widget elementor-widget-heading\" data-id=\"7dfca2e\" data-element_type=\"widget\" data-e-type=\"widget\" data-widget_type=\"heading.default\">\n\t\t\t\t<div class=\"elementor-widget-container\">\n\t\t\t\t\t<h2 class=\"elementor-heading-title elementor-size-default\">S\u00e9curit\u00e9 des Donn\u00e9es :\n<\/h2>\t\t\t\t<\/div>\n\t\t\t\t<\/div>\n\t\t\t\t<div class=\"elementor-element elementor-element-afc9da5 elementor-widget elementor-widget-text-editor\" data-id=\"afc9da5\" data-element_type=\"widget\" data-e-type=\"widget\" data-widget_type=\"text-editor.default\">\n\t\t\t\t<div class=\"elementor-widget-container\">\n\t\t\t\t\t\t\t\t\t<p>Nous prenons des mesures de s\u00e9curit\u00e9 appropri\u00e9es pour prot\u00e9ger vos informations contre l&rsquo;acc\u00e8s non autoris\u00e9, la divulgation, la modification ou la destruction. Vos donn\u00e9es sont stock\u00e9es sur des serveurs s\u00e9curis\u00e9s et accessibles uniquement \u00e0 un personnel autoris\u00e9.<\/p>\t\t\t\t\t\t\t\t<\/div>\n\t\t\t\t<\/div>\n\t\t\t\t<div class=\"elementor-element elementor-element-99ec6b2 elementor-widget elementor-widget-spacer\" data-id=\"99ec6b2\" data-element_type=\"widget\" data-e-type=\"widget\" data-widget_type=\"spacer.default\">\n\t\t\t\t<div class=\"elementor-widget-container\">\n\t\t\t\t\t\t\t<div class=\"elementor-spacer\">\n\t\t\t<div class=\"elementor-spacer-inner\"><\/div>\n\t\t<\/div>\n\t\t\t\t\t\t<\/div>\n\t\t\t\t<\/div>\n\t\t\t\t<div class=\"elementor-element elementor-element-852a439 elementor-widget elementor-widget-heading\" data-id=\"852a439\" data-element_type=\"widget\" data-e-type=\"widget\" data-widget_type=\"heading.default\">\n\t\t\t\t<div class=\"elementor-widget-container\">\n\t\t\t\t\t<h2 class=\"elementor-heading-title elementor-size-default\">Vos Choix et Droits :\n<\/h2>\t\t\t\t<\/div>\n\t\t\t\t<\/div>\n\t\t\t\t<div class=\"elementor-element elementor-element-74a8d5f elementor-widget elementor-widget-text-editor\" data-id=\"74a8d5f\" data-element_type=\"widget\" data-e-type=\"widget\" data-widget_type=\"text-editor.default\">\n\t\t\t\t<div class=\"elementor-widget-container\">\n\t\t\t\t\t\t\t\t\t<p>Vous avez le droit de mettre \u00e0 jour, corriger ou supprimer vos informations personnelles. Vous pouvez \u00e9galement choisir de ne pas recevoir nos communications marketing en ajustant vos pr\u00e9f\u00e9rences. Pour exercer ces droits, veuillez nous contacter \u00e0 l&rsquo;adresse indiqu\u00e9e ci-dessous.<\/p>\t\t\t\t\t\t\t\t<\/div>\n\t\t\t\t<\/div>\n\t\t\t\t\t<\/div>\n\t\t<\/div>\n\t\t\t\t\t<\/div>\n\t\t<\/section>\n\t\t\t\t<div class=\"elementor-element elementor-element-1cdedfc elementor-widget elementor-widget-heading\" data-id=\"1cdedfc\" data-element_type=\"widget\" data-e-type=\"widget\" data-widget_type=\"heading.default\">\n\t\t\t\t<div class=\"elementor-widget-container\">\n\t\t\t\t\t<h2 class=\"elementor-heading-title elementor-size-default\">Contact :<\/h2>\t\t\t\t<\/div>\n\t\t\t\t<\/div>\n\t\t\t\t<div class=\"elementor-element elementor-element-798caf7 elementor-widget elementor-widget-text-editor\" data-id=\"798caf7\" data-element_type=\"widget\" data-e-type=\"widget\" data-widget_type=\"text-editor.default\">\n\t\t\t\t<div class=\"elementor-widget-container\">\n\t\t\t\t\t\t\t\t\t<p>Pour toute question ou pr\u00e9occupation concernant notre politique de confidentialit\u00e9 ou la mani\u00e8re dont nous g\u00e9rons vos informations, veuillez nous contacter \u00e0 l&rsquo;adresse suivante : general@bernardbonnefond.com et guillaume.monchalin@bernardbonnefond.com<\/p><p>Nous nous engageons \u00e0 prot\u00e9ger vos informations personnelles et \u00e0 respecter votre vie priv\u00e9e. Notre politique de confidentialit\u00e9 peut \u00eatre mise \u00e0 jour de temps \u00e0 autre pour refl\u00e9ter les changements dans nos pratiques. Nous vous encourageons \u00e0 consulter r\u00e9guli\u00e8rement cette politique pour rester inform\u00e9<\/p>\t\t\t\t\t\t\t\t<\/div>\n\t\t\t\t<\/div>\n\t\t\t\t<div class=\"elementor-element elementor-element-54303ff elementor-widget elementor-widget-spacer\" data-id=\"54303ff\" data-element_type=\"widget\" data-e-type=\"widget\" data-widget_type=\"spacer.default\">\n\t\t\t\t<div class=\"elementor-widget-container\">\n\t\t\t\t\t\t\t<div class=\"elementor-spacer\">\n\t\t\t<div class=\"elementor-spacer-inner\"><\/div>\n\t\t<\/div>\n\t\t\t\t\t\t<\/div>\n\t\t\t\t<\/div>\n\t\t\t\t<div class=\"elementor-element elementor-element-ea753eb elementor-widget elementor-widget-heading\" data-id=\"ea753eb\" data-element_type=\"widget\" data-e-type=\"widget\" data-widget_type=\"heading.default\">\n\t\t\t\t<div class=\"elementor-widget-container\">\n\t\t\t\t\t<h2 class=\"elementor-heading-title elementor-size-default\">Date de derni\u00e8re mise \u00e0 jour de la politique de confidentialit\u00e9: 18\/10\/2023<\/h2>\t\t\t\t<\/div>\n\t\t\t\t<\/div>\n\t\t\t\t\t<\/div>\n\t\t<\/div>\n\t\t\t\t\t<\/div>\n\t\t<\/section>\n\t\t\t\t<\/div>\n\t\t","protected":false},"excerpt":{"rendered":"<p>Politique de confidentialit\u00e9 Date d&rsquo;entr\u00e9e en vigueur : 18\/10\/2023 Chez Bernard Bonnefond, nous attachons une grande importance \u00e0 la protection de vos informations personnelles. Cette politique de confidentialit\u00e9 vise \u00e0 vous informer sur la mani\u00e8re dont nous collectons, utilisons, partageons et prot\u00e9geons vos donn\u00e9es lorsque vous visitez notre site web et interagissez avec nos services. [&hellip;]<\/p>\n","protected":false},"author":7,"featured_media":0,"parent":0,"menu_order":0,"comment_status":"closed","ping_status":"closed","template":"","meta":{"footnotes":""},"class_list":["post-48963","page","type-page","status-publish","hentry"],"_links":{"self":[{"href":"http:\/\/www.bernardbonnefond.com\/fr\/wp-json\/wp\/v2\/pages\/48963","targetHints":{"allow":["GET"]}}],"collection":[{"href":"http:\/\/www.bernardbonnefond.com\/fr\/wp-json\/wp\/v2\/pages"}],"about":[{"href":"http:\/\/www.bernardbonnefond.com\/fr\/wp-json\/wp\/v2\/types\/page"}],"author":[{"embeddable":true,"href":"http:\/\/www.bernardbonnefond.com\/fr\/wp-json\/wp\/v2\/users\/7"}],"replies":[{"embeddable":true,"href":"http:\/\/www.bernardbonnefond.com\/fr\/wp-json\/wp\/v2\/comments?post=48963"}],"version-history":[{"count":10,"href":"http:\/\/www.bernardbonnefond.com\/fr\/wp-json\/wp\/v2\/pages\/48963\/revisions"}],"predecessor-version":[{"id":49154,"href":"http:\/\/www.bernardbonnefond.com\/fr\/wp-json\/wp\/v2\/pages\/48963\/revisions\/49154"}],"wp:attachment":[{"href":"http:\/\/www.bernardbonnefond.com\/fr\/wp-json\/wp\/v2\/media?parent=48963"}],"curies":[{"name":"wp","href":"https:\/\/api.w.org\/{rel}","templated":true}]}}