{"id":48819,"date":"2023-11-21T11:00:36","date_gmt":"2023-11-21T10:00:36","guid":{"rendered":"https:\/\/www.bernardbonnefond.com\/?page_id=48819"},"modified":"2026-01-28T10:30:08","modified_gmt":"2026-01-28T09:30:08","slug":"nous-recrutons-2","status":"publish","type":"page","link":"https:\/\/www.bernardbonnefond.com\/en\/nous-recrutons-2\/","title":{"rendered":"Recruitment"},"content":{"rendered":"<div data-elementor-type=\"wp-page\" data-elementor-id=\"48819\" class=\"elementor elementor-48819\" data-elementor-settings=\"{&quot;ha_cmc_init_switcher&quot;:&quot;no&quot;}\" data-elementor-post-type=\"page\">\n\t\t\t\t\t\t<section class=\"has_eae_slider elementor-section elementor-top-section elementor-element elementor-element-f1346f7 elementor-section-boxed elementor-section-height-default elementor-section-height-default\" data-eae-slider=\"2004\" data-id=\"f1346f7\" data-element_type=\"section\" data-e-type=\"section\" data-settings=\"{&quot;_ha_eqh_enable&quot;:false}\" data-no-translation=\"\">\n\t\t\t\t\t\t<div class=\"elementor-container elementor-column-gap-default\">\n\t\t\t\t\t<div class=\"has_eae_slider elementor-column elementor-col-100 elementor-top-column elementor-element elementor-element-c1ac25c\" data-eae-slider=\"43112\" data-id=\"c1ac25c\" data-element_type=\"column\" data-e-type=\"column\">\n\t\t\t<div class=\"elementor-widget-wrap elementor-element-populated\">\n\t\t\t\t\t\t<div class=\"elementor-element elementor-element-2b8f211 elementor-widget elementor-widget-spacer\" data-id=\"2b8f211\" data-element_type=\"widget\" data-e-type=\"widget\" data-widget_type=\"spacer.default\">\n\t\t\t\t<div class=\"elementor-widget-container\">\n\t\t\t\t\t\t\t<div class=\"elementor-spacer\">\n\t\t\t<div class=\"elementor-spacer-inner\"><\/div>\n\t\t<\/div>\n\t\t\t\t\t\t<\/div>\n\t\t\t\t<\/div>\n\t\t\t\t<div class=\"elementor-element elementor-element-b18f4b0 elementor-widget elementor-widget-spacer\" data-id=\"b18f4b0\" data-element_type=\"widget\" data-e-type=\"widget\" data-widget_type=\"spacer.default\">\n\t\t\t\t<div class=\"elementor-widget-container\">\n\t\t\t\t\t\t\t<div class=\"elementor-spacer\">\n\t\t\t<div class=\"elementor-spacer-inner\"><\/div>\n\t\t<\/div>\n\t\t\t\t\t\t<\/div>\n\t\t\t\t<\/div>\n\t\t\t\t<div class=\"elementor-element elementor-element-3ee6862 elementor-widget elementor-widget-heading\" data-id=\"3ee6862\" data-element_type=\"widget\" data-e-type=\"widget\" data-widget_type=\"heading.default\">\n\t\t\t\t<div class=\"elementor-widget-container\">\n\t\t\t\t\t<h2 class=\"elementor-heading-title elementor-size-default\">We do not currently have any international vacancies.<\/h2>\t\t\t\t<\/div>\n\t\t\t\t<\/div>\n\t\t\t\t<div class=\"elementor-element elementor-element-c76582c elementor-widget elementor-widget-spacer\" data-id=\"c76582c\" data-element_type=\"widget\" data-e-type=\"widget\" data-widget_type=\"spacer.default\">\n\t\t\t\t<div class=\"elementor-widget-container\">\n\t\t\t\t\t\t\t<div class=\"elementor-spacer\">\n\t\t\t<div class=\"elementor-spacer-inner\"><\/div>\n\t\t<\/div>\n\t\t\t\t\t\t<\/div>\n\t\t\t\t<\/div>\n\t\t\t\t<div class=\"elementor-element elementor-element-42c6017 elementor-widget elementor-widget-text-editor\" data-id=\"42c6017\" data-element_type=\"widget\" data-e-type=\"widget\" data-widget_type=\"text-editor.default\">\n\t\t\t\t<div class=\"elementor-widget-container\">\n\t\t\t\t\t\t\t\t\t<p>Don&rsquo;t hesitate to come back, as <strong>new international opportunities may arise!<\/strong><\/p>\t\t\t\t\t\t\t\t<\/div>\n\t\t\t\t<\/div>\n\t\t\t\t<div class=\"elementor-element elementor-element-26342b4 elementor-widget elementor-widget-spacer\" data-id=\"26342b4\" data-element_type=\"widget\" data-e-type=\"widget\" data-widget_type=\"spacer.default\">\n\t\t\t\t<div class=\"elementor-widget-container\">\n\t\t\t\t\t\t\t<div class=\"elementor-spacer\">\n\t\t\t<div class=\"elementor-spacer-inner\"><\/div>\n\t\t<\/div>\n\t\t\t\t\t\t<\/div>\n\t\t\t\t<\/div>\n\t\t\t\t\t<\/div>\n\t\t<\/div>\n\t\t\t\t\t<\/div>\n\t\t<\/section>\n\t\t\t\t<\/div>","protected":false},"excerpt":{"rendered":"<p>Nous recrutons ! D\u00e9couvrez nos offres d&#8217;emploi : Technicien Bureau d\u2019\u00c9tudes H\/F &#8211; Publi\u00e9 le 05\/11\/2025 \ud83c\udfaf\u00a0Offre d\u2019emploi : Technicien Bureau d\u2019\u00c9tudes (H\/F) \u2013 SolidWorks\ud83d\udccd\u00a0Lieu : St. Etienne\u00a0|\u00a0\ud83d\udd52\u00a0CDI \u2013 Temps plein\u00a0|\u00a0\ud83d\udcbc\u00a0Industrie \/ Bureau d\u2019\u00e9tudes Vous \u00eates passionn\u00e9 par la conception technique et les outils de mod\u00e9lisation 3D ? Vous aimez transformer les id\u00e9es en plans [&hellip;]<\/p>\n","protected":false},"author":7,"featured_media":0,"parent":0,"menu_order":0,"comment_status":"closed","ping_status":"closed","template":"","meta":{"footnotes":""},"class_list":["post-48819","page","type-page","status-publish","hentry"],"_links":{"self":[{"href":"https:\/\/www.bernardbonnefond.com\/en\/wp-json\/wp\/v2\/pages\/48819","targetHints":{"allow":["GET"]}}],"collection":[{"href":"https:\/\/www.bernardbonnefond.com\/en\/wp-json\/wp\/v2\/pages"}],"about":[{"href":"https:\/\/www.bernardbonnefond.com\/en\/wp-json\/wp\/v2\/types\/page"}],"author":[{"embeddable":true,"href":"https:\/\/www.bernardbonnefond.com\/en\/wp-json\/wp\/v2\/users\/7"}],"replies":[{"embeddable":true,"href":"https:\/\/www.bernardbonnefond.com\/en\/wp-json\/wp\/v2\/comments?post=48819"}],"version-history":[{"count":188,"href":"https:\/\/www.bernardbonnefond.com\/en\/wp-json\/wp\/v2\/pages\/48819\/revisions"}],"predecessor-version":[{"id":50604,"href":"https:\/\/www.bernardbonnefond.com\/en\/wp-json\/wp\/v2\/pages\/48819\/revisions\/50604"}],"wp:attachment":[{"href":"https:\/\/www.bernardbonnefond.com\/en\/wp-json\/wp\/v2\/media?parent=48819"}],"curies":[{"name":"wp","href":"https:\/\/api.w.org\/{rel}","templated":true}]}}