{"id":48902,"date":"2023-11-21T15:30:16","date_gmt":"2023-11-21T14:30:16","guid":{"rendered":"https:\/\/www.bernardbonnefond.com\/?page_id=48902"},"modified":"2024-04-19T17:11:54","modified_gmt":"2024-04-19T15:11:54","slug":"mentions-legales","status":"publish","type":"page","link":"https:\/\/www.bernardbonnefond.com\/en\/mentions-legales\/","title":{"rendered":"Legal information"},"content":{"rendered":"<div data-elementor-type=\"wp-page\" data-elementor-id=\"48902\" class=\"elementor elementor-48902\" data-elementor-settings=\"{&quot;ha_cmc_init_switcher&quot;:&quot;no&quot;}\" data-elementor-post-type=\"page\">\n\t\t\t\t\t\t<section class=\"has_eae_slider elementor-section elementor-top-section elementor-element elementor-element-d00927b elementor-section-boxed elementor-section-height-default elementor-section-height-default\" data-eae-slider=\"2964\" data-id=\"d00927b\" data-element_type=\"section\" data-e-type=\"section\" data-settings=\"{&quot;_ha_eqh_enable&quot;:false}\">\n\t\t\t\t\t\t<div class=\"elementor-container elementor-column-gap-default\">\n\t\t\t\t\t<div class=\"has_eae_slider elementor-column elementor-col-100 elementor-top-column elementor-element elementor-element-03b00a9\" data-eae-slider=\"94370\" data-id=\"03b00a9\" data-element_type=\"column\" data-e-type=\"column\">\n\t\t\t<div class=\"elementor-widget-wrap elementor-element-populated\">\n\t\t\t\t\t\t<div class=\"elementor-element elementor-element-1489cf9 elementor-widget elementor-widget-spacer\" data-id=\"1489cf9\" data-element_type=\"widget\" data-e-type=\"widget\" data-widget_type=\"spacer.default\">\n\t\t\t\t<div class=\"elementor-widget-container\">\n\t\t\t\t\t\t\t<div class=\"elementor-spacer\">\n\t\t\t<div class=\"elementor-spacer-inner\"><\/div>\n\t\t<\/div>\n\t\t\t\t\t\t<\/div>\n\t\t\t\t<\/div>\n\t\t\t\t<div class=\"elementor-element elementor-element-ede34f9 elementor-widget elementor-widget-heading\" data-id=\"ede34f9\" data-element_type=\"widget\" data-e-type=\"widget\" data-widget_type=\"heading.default\">\n\t\t\t\t<div class=\"elementor-widget-container\">\n\t\t\t\t\t<h2 class=\"elementor-heading-title elementor-size-default\">Legal information<\/h2>\t\t\t\t<\/div>\n\t\t\t\t<\/div>\n\t\t\t\t<div class=\"elementor-element elementor-element-d12a5f7 elementor-widget elementor-widget-spacer\" data-id=\"d12a5f7\" data-element_type=\"widget\" data-e-type=\"widget\" data-widget_type=\"spacer.default\">\n\t\t\t\t<div class=\"elementor-widget-container\">\n\t\t\t\t\t\t\t<div class=\"elementor-spacer\">\n\t\t\t<div class=\"elementor-spacer-inner\"><\/div>\n\t\t<\/div>\n\t\t\t\t\t\t<\/div>\n\t\t\t\t<\/div>\n\t\t\t\t<div class=\"elementor-element elementor-element-6b027f1 elementor-widget elementor-widget-text-editor\" data-id=\"6b027f1\" data-element_type=\"widget\" data-e-type=\"widget\" data-widget_type=\"text-editor.default\">\n\t\t\t\t<div class=\"elementor-widget-container\">\n\t\t\t\t\t\t\t\t\t<p><span style=\"color: #2d2d2e; font-size: 16.45px; text-align: justify;\">In accordance with the provisions of Article 6 of Law No. 2004-575 of 21 June 2004 on confidence in the digital economy (LCEN) and Law No. 78-17 of 6 January 1978 on data processing, data files and individual liberties, we hereby inform you of the following:<\/span><\/p>\t\t\t\t\t\t\t\t<\/div>\n\t\t\t\t<\/div>\n\t\t\t\t<div class=\"elementor-element elementor-element-5d91385 elementor-widget elementor-widget-spacer\" data-id=\"5d91385\" data-element_type=\"widget\" data-e-type=\"widget\" data-widget_type=\"spacer.default\">\n\t\t\t\t<div class=\"elementor-widget-container\">\n\t\t\t\t\t\t\t<div class=\"elementor-spacer\">\n\t\t\t<div class=\"elementor-spacer-inner\"><\/div>\n\t\t<\/div>\n\t\t\t\t\t\t<\/div>\n\t\t\t\t<\/div>\n\t\t\t\t<section class=\"has_eae_slider elementor-section elementor-inner-section elementor-element elementor-element-22163f0 elementor-section-boxed elementor-section-height-default elementor-section-height-default\" data-eae-slider=\"17242\" data-id=\"22163f0\" data-element_type=\"section\" data-e-type=\"section\" data-settings=\"{&quot;_ha_eqh_enable&quot;:false}\">\n\t\t\t\t\t\t<div class=\"elementor-container elementor-column-gap-default\">\n\t\t\t\t\t<div class=\"has_eae_slider elementor-column elementor-col-50 elementor-inner-column elementor-element elementor-element-3bce43f\" data-eae-slider=\"8564\" data-id=\"3bce43f\" data-element_type=\"column\" data-e-type=\"column\">\n\t\t\t<div class=\"elementor-widget-wrap elementor-element-populated\">\n\t\t\t\t\t\t<div class=\"elementor-element elementor-element-911f301 elementor-widget elementor-widget-heading\" data-id=\"911f301\" data-element_type=\"widget\" data-e-type=\"widget\" data-widget_type=\"heading.default\">\n\t\t\t\t<div class=\"elementor-widget-container\">\n\t\t\t\t\t<h2 class=\"elementor-heading-title elementor-size-default\">General information<\/h2>\t\t\t\t<\/div>\n\t\t\t\t<\/div>\n\t\t\t\t<div class=\"elementor-element elementor-element-dc81f8f elementor-widget elementor-widget-text-editor\" data-id=\"dc81f8f\" data-element_type=\"widget\" data-e-type=\"widget\" data-widget_type=\"text-editor.default\">\n\t\t\t\t<div class=\"elementor-widget-container\">\n\t\t\t\t\t\t\t\t\t<p>BERNARD BONNEFOND<\/p><p>S.A.S, Soci\u00e9t\u00e9 par action simplifi\u00e9e<\/p><p>Adresse: 7, all\u00e9e Mathieu Murgue, 42100 Saint Etienne<\/p><p>Phone: 04 77 95 30 00<\/p><p>Email: general@bernardbonnefond.com<\/p><p>780 139 788 R.C.S. Saint-etienne<\/p><p>VAT FR78780139788<\/p>\t\t\t\t\t\t\t\t<\/div>\n\t\t\t\t<\/div>\n\t\t\t\t<div class=\"elementor-element elementor-element-61b9d5f elementor-widget elementor-widget-spacer\" data-id=\"61b9d5f\" data-element_type=\"widget\" data-e-type=\"widget\" data-widget_type=\"spacer.default\">\n\t\t\t\t<div class=\"elementor-widget-container\">\n\t\t\t\t\t\t\t<div class=\"elementor-spacer\">\n\t\t\t<div class=\"elementor-spacer-inner\"><\/div>\n\t\t<\/div>\n\t\t\t\t\t\t<\/div>\n\t\t\t\t<\/div>\n\t\t\t\t<div class=\"elementor-element elementor-element-c1886de elementor-widget elementor-widget-heading\" data-id=\"c1886de\" data-element_type=\"widget\" data-e-type=\"widget\" data-widget_type=\"heading.default\">\n\t\t\t\t<div class=\"elementor-widget-container\">\n\t\t\t\t\t<h2 class=\"elementor-heading-title elementor-size-default\">Protection of personal data<\/h2>\t\t\t\t<\/div>\n\t\t\t\t<\/div>\n\t\t\t\t<div class=\"elementor-element elementor-element-4eff4a5 elementor-widget elementor-widget-text-editor\" data-id=\"4eff4a5\" data-element_type=\"widget\" data-e-type=\"widget\" data-widget_type=\"text-editor.default\">\n\t\t\t\t<div class=\"elementor-widget-container\">\n\t\t\t\t\t\t\t\t\t<p>Bernard Bonnefond is committed to complying with current legislation on the protection of personal data. For more information on how we collect, process and protect your data, please consult our privacy policy.<\/p>\t\t\t\t\t\t\t\t<\/div>\n\t\t\t\t<\/div>\n\t\t\t\t<div class=\"elementor-element elementor-element-52bca40 elementor-widget elementor-widget-spacer\" data-id=\"52bca40\" data-element_type=\"widget\" data-e-type=\"widget\" data-widget_type=\"spacer.default\">\n\t\t\t\t<div class=\"elementor-widget-container\">\n\t\t\t\t\t\t\t<div class=\"elementor-spacer\">\n\t\t\t<div class=\"elementor-spacer-inner\"><\/div>\n\t\t<\/div>\n\t\t\t\t\t\t<\/div>\n\t\t\t\t<\/div>\n\t\t\t\t<div class=\"elementor-element elementor-element-b625d7d elementor-widget elementor-widget-heading\" data-id=\"b625d7d\" data-element_type=\"widget\" data-e-type=\"widget\" data-widget_type=\"heading.default\">\n\t\t\t\t<div class=\"elementor-widget-container\">\n\t\t\t\t\t<h2 class=\"elementor-heading-title elementor-size-default\">Cookies<\/h2>\t\t\t\t<\/div>\n\t\t\t\t<\/div>\n\t\t\t\t<div class=\"elementor-element elementor-element-a1cb959 elementor-widget elementor-widget-text-editor\" data-id=\"a1cb959\" data-element_type=\"widget\" data-e-type=\"widget\" data-widget_type=\"text-editor.default\">\n\t\t\t\t<div class=\"elementor-widget-container\">\n\t\t\t\t\t\t\t\t\t<p>This website may use cookies to improve users' browsing experience, in accordance with Directive 2002\/58\/EC of the European Parliament and of the Council of 12 July 2002, as amended by Directive 2009\/136\/EC of 25 November 2009, and Law No. 78-17 of 6 January 1978 on data processing, data files and individual liberties. For more information on the use of cookies and how to manage them, please consult our cookies policy.<\/p>\t\t\t\t\t\t\t\t<\/div>\n\t\t\t\t<\/div>\n\t\t\t\t<div class=\"elementor-element elementor-element-75c7f35 elementor-widget elementor-widget-spacer\" data-id=\"75c7f35\" data-element_type=\"widget\" data-e-type=\"widget\" data-widget_type=\"spacer.default\">\n\t\t\t\t<div class=\"elementor-widget-container\">\n\t\t\t\t\t\t\t<div class=\"elementor-spacer\">\n\t\t\t<div class=\"elementor-spacer-inner\"><\/div>\n\t\t<\/div>\n\t\t\t\t\t\t<\/div>\n\t\t\t\t<\/div>\n\t\t\t\t<div class=\"elementor-element elementor-element-2c3cbf2 elementor-widget elementor-widget-heading\" data-id=\"2c3cbf2\" data-element_type=\"widget\" data-e-type=\"widget\" data-widget_type=\"heading.default\">\n\t\t\t\t<div class=\"elementor-widget-container\">\n\t\t\t\t\t<h2 class=\"elementor-heading-title elementor-size-default\">Copyright<\/h2>\t\t\t\t<\/div>\n\t\t\t\t<\/div>\n\t\t\t\t<div class=\"elementor-element elementor-element-bea6e6e elementor-widget elementor-widget-text-editor\" data-id=\"bea6e6e\" data-element_type=\"widget\" data-e-type=\"widget\" data-widget_type=\"text-editor.default\">\n\t\t\t\t<div class=\"elementor-widget-container\">\n\t\t\t\t\t\t\t\t\t<p>The entire content of this website, including texts, images, videos (source unslash and pexel) and graphic elements, is the property of Bernard Bonnefond and is protected by current copyright laws (law no. 92-597 of 1 July 1992). Any reproduction, in whole or in part, of the content of this site is prohibited without the prior written permission of Bernard Bonnefond.<\/p>\t\t\t\t\t\t\t\t<\/div>\n\t\t\t\t<\/div>\n\t\t\t\t<div class=\"elementor-element elementor-element-eb078fe elementor-widget elementor-widget-spacer\" data-id=\"eb078fe\" data-element_type=\"widget\" data-e-type=\"widget\" data-widget_type=\"spacer.default\">\n\t\t\t\t<div class=\"elementor-widget-container\">\n\t\t\t\t\t\t\t<div class=\"elementor-spacer\">\n\t\t\t<div class=\"elementor-spacer-inner\"><\/div>\n\t\t<\/div>\n\t\t\t\t\t\t<\/div>\n\t\t\t\t<\/div>\n\t\t\t\t<div class=\"elementor-element elementor-element-f782571 elementor-widget elementor-widget-heading\" data-id=\"f782571\" data-element_type=\"widget\" data-e-type=\"widget\" data-widget_type=\"heading.default\">\n\t\t\t\t<div class=\"elementor-widget-container\">\n\t\t\t\t\t<h2 class=\"elementor-heading-title elementor-size-default\">Link to other websites<\/h2>\t\t\t\t<\/div>\n\t\t\t\t<\/div>\n\t\t\t\t<div class=\"elementor-element elementor-element-2979f88 elementor-widget elementor-widget-text-editor\" data-id=\"2979f88\" data-element_type=\"widget\" data-e-type=\"widget\" data-widget_type=\"text-editor.default\">\n\t\t\t\t<div class=\"elementor-widget-container\">\n\t\t\t\t\t\t\t\t\t<p>Our website may contain links to other websites. We are not responsible for the content or privacy practices of such third-party sites. We encourage you to read the legal notices and privacy policies of these sites before using them.<\/p>\t\t\t\t\t\t\t\t<\/div>\n\t\t\t\t<\/div>\n\t\t\t\t<div class=\"elementor-element elementor-element-acef892 elementor-widget elementor-widget-spacer\" data-id=\"acef892\" data-element_type=\"widget\" data-e-type=\"widget\" data-widget_type=\"spacer.default\">\n\t\t\t\t<div class=\"elementor-widget-container\">\n\t\t\t\t\t\t\t<div class=\"elementor-spacer\">\n\t\t\t<div class=\"elementor-spacer-inner\"><\/div>\n\t\t<\/div>\n\t\t\t\t\t\t<\/div>\n\t\t\t\t<\/div>\n\t\t\t\t\t<\/div>\n\t\t<\/div>\n\t\t\t\t<div class=\"has_eae_slider elementor-column elementor-col-50 elementor-inner-column elementor-element elementor-element-b7b9cd6\" data-eae-slider=\"31492\" data-id=\"b7b9cd6\" data-element_type=\"column\" data-e-type=\"column\">\n\t\t\t<div class=\"elementor-widget-wrap elementor-element-populated\">\n\t\t\t\t\t\t<div class=\"elementor-element elementor-element-8843e3f elementor-widget elementor-widget-heading\" data-id=\"8843e3f\" data-element_type=\"widget\" data-e-type=\"widget\" data-widget_type=\"heading.default\">\n\t\t\t\t<div class=\"elementor-widget-container\">\n\t\t\t\t\t<h2 class=\"elementor-heading-title elementor-size-default\">Website editing<\/h2>\t\t\t\t<\/div>\n\t\t\t\t<\/div>\n\t\t\t\t<div class=\"elementor-element elementor-element-c7b00ff elementor-widget elementor-widget-text-editor\" data-id=\"c7b00ff\" data-element_type=\"widget\" data-e-type=\"widget\" data-widget_type=\"text-editor.default\">\n\t\t\t\t<div class=\"elementor-widget-container\">\n\t\t\t\t\t\t\t\t\t<p>Site manager: Guillaume Monchalin<\/p>\t\t\t\t\t\t\t\t<\/div>\n\t\t\t\t<\/div>\n\t\t\t\t<div class=\"elementor-element elementor-element-0360d0a elementor-widget elementor-widget-spacer\" data-id=\"0360d0a\" data-element_type=\"widget\" data-e-type=\"widget\" data-widget_type=\"spacer.default\">\n\t\t\t\t<div class=\"elementor-widget-container\">\n\t\t\t\t\t\t\t<div class=\"elementor-spacer\">\n\t\t\t<div class=\"elementor-spacer-inner\"><\/div>\n\t\t<\/div>\n\t\t\t\t\t\t<\/div>\n\t\t\t\t<\/div>\n\t\t\t\t<div class=\"elementor-element elementor-element-a263eee elementor-widget elementor-widget-heading\" data-id=\"a263eee\" data-element_type=\"widget\" data-e-type=\"widget\" data-widget_type=\"heading.default\">\n\t\t\t\t<div class=\"elementor-widget-container\">\n\t\t\t\t\t<h2 class=\"elementor-heading-title elementor-size-default\">Website hosting<\/h2>\t\t\t\t<\/div>\n\t\t\t\t<\/div>\n\t\t\t\t<div class=\"elementor-element elementor-element-8dac6d9 elementor-widget elementor-widget-text-editor\" data-id=\"8dac6d9\" data-element_type=\"widget\" data-e-type=\"widget\" data-widget_type=\"text-editor.default\">\n\t\t\t\t<div class=\"elementor-widget-container\">\n\t\t\t\t\t\t\t\t\t<p>Website hosting: NEXEREN<\/p>\n<p>Address of host: Technoparc Saone Vall\u00e9e, 01390 Civrieux<\/p>\n<p>Phone of host: 04 81 13 01 77<\/p>\n<p>E-mail of host : Contact@nexeren.com<\/p>\t\t\t\t\t\t\t\t<\/div>\n\t\t\t\t<\/div>\n\t\t\t\t<div class=\"elementor-element elementor-element-c7a40af elementor-widget elementor-widget-spacer\" data-id=\"c7a40af\" data-element_type=\"widget\" data-e-type=\"widget\" data-widget_type=\"spacer.default\">\n\t\t\t\t<div class=\"elementor-widget-container\">\n\t\t\t\t\t\t\t<div class=\"elementor-spacer\">\n\t\t\t<div class=\"elementor-spacer-inner\"><\/div>\n\t\t<\/div>\n\t\t\t\t\t\t<\/div>\n\t\t\t\t<\/div>\n\t\t\t\t\t<\/div>\n\t\t<\/div>\n\t\t\t\t\t<\/div>\n\t\t<\/section>\n\t\t\t\t<div class=\"elementor-element elementor-element-423246e elementor-widget elementor-widget-heading\" data-id=\"423246e\" data-element_type=\"widget\" data-e-type=\"widget\" data-widget_type=\"heading.default\">\n\t\t\t\t<div class=\"elementor-widget-container\">\n\t\t\t\t\t<h2 class=\"elementor-heading-title elementor-size-default\">RGPD mention<\/h2>\t\t\t\t<\/div>\n\t\t\t\t<\/div>\n\t\t\t\t<div class=\"elementor-element elementor-element-ddf70c8 elementor-widget elementor-widget-text-editor\" data-id=\"ddf70c8\" data-element_type=\"widget\" data-e-type=\"widget\" data-widget_type=\"text-editor.default\">\n\t\t\t\t<div class=\"elementor-widget-container\">\n\t\t\t\t\t\t\t\t\t<p>Protecting your personal data is very important to us. This section explains how we collect, use and protect your data.<\/p><p>On our website, we use Google Analytics, a web analysis service provided by Google Inc. This service uses cookies to collect information about how visitors interact with our site. This data, such as the number of visitors, pages viewed, geographical origin and time spent on the site, helps us to understand user behaviour and to constantly improve the browsing experience.<\/p><p>Google Analytics does not collect any personally identifiable information, such as your name or e-mail address. All data collected is anonymised and aggregated.<\/p><p>In addition, when you use our contact form, we collect information that you choose to provide voluntarily, such as your name, e-mail address and message. This data is used exclusively for the purpose of responding to your requests and providing you with a personalised service.<\/p><p>We use your personal data for the following purposes:<\/p><ul><li>Respond to your enquiries.<\/li><li>To send you information about our products, services and offers, if you have consented to receive such communications.<\/li><li>To improve our website and services.<\/li><\/ul><p>We implement appropriate security measures to protect your personal data against unauthorised access, disclosure, alteration or destruction. We comply with current security and confidentiality standards.<\/p><p>In accordance with the General Data Protection Regulation (GDPR) (Regulation (EU) 2016\/679), you have the right to access, rectify, delete or restrict the processing of your personal data. To exercise these rights, please contact us at general@bernardbonnefond.com and guillaume.monchalin@bernardbonnefond.com<\/p><p><strong style=\"font-size: 16.45px; color: var( --e-global-color-accent ); text-align: var(--text-align);\">Last RGPD update :<\/strong><span style=\"font-size: 16.45px; color: var( --e-global-color-accent ); text-align: var(--text-align);\"> 18\/10\/2023.<\/span><\/p><p>See our full privacy policy for more information on the collection and processing of your personal data.<\/p><p>\u00a0<\/p><p>If you have any questions or queries, please contact us at general@bernardbonnefond.com and guillaume.monchalin@bernardbonnefond.com<\/p>\t\t\t\t\t\t\t\t<\/div>\n\t\t\t\t<\/div>\n\t\t\t\t<div class=\"elementor-element elementor-element-180a390 elementor-widget elementor-widget-spacer\" data-id=\"180a390\" data-element_type=\"widget\" data-e-type=\"widget\" data-widget_type=\"spacer.default\">\n\t\t\t\t<div class=\"elementor-widget-container\">\n\t\t\t\t\t\t\t<div class=\"elementor-spacer\">\n\t\t\t<div class=\"elementor-spacer-inner\"><\/div>\n\t\t<\/div>\n\t\t\t\t\t\t<\/div>\n\t\t\t\t<\/div>\n\t\t\t\t<div class=\"elementor-element elementor-element-ba7ba01 elementor-widget elementor-widget-heading\" data-id=\"ba7ba01\" data-element_type=\"widget\" data-e-type=\"widget\" data-widget_type=\"heading.default\">\n\t\t\t\t<div class=\"elementor-widget-container\">\n\t\t\t\t\t<h2 class=\"elementor-heading-title elementor-size-default\">Last update of the legal notice: 18\/10\/2023<\/h2>\t\t\t\t<\/div>\n\t\t\t\t<\/div>\n\t\t\t\t\t<\/div>\n\t\t<\/div>\n\t\t\t\t\t<\/div>\n\t\t<\/section>\n\t\t\t\t<\/div>","protected":false},"excerpt":{"rendered":"<p>Mentions l\u00e9gales Conform\u00e9ment aux dispositions de l&rsquo;article 6 de la loi n\u00b0 2004-575 du 21 juin 2004 pour la confiance dans l&rsquo;\u00e9conomie num\u00e9rique (LCEN) et de la loi n\u00b0 78-17 du 6 janvier 1978 relative \u00e0 l&rsquo;informatique, aux fichiers et aux libert\u00e9s, nous vous informons des \u00e9l\u00e9ments suivants : Informations d\u2019ordre g\u00e9n\u00e9ral\u200b BERNARD BONNEFOND S.A.S, [&hellip;]<\/p>\n","protected":false},"author":7,"featured_media":0,"parent":0,"menu_order":0,"comment_status":"closed","ping_status":"closed","template":"","meta":{"footnotes":""},"class_list":["post-48902","page","type-page","status-publish","hentry"],"_links":{"self":[{"href":"https:\/\/www.bernardbonnefond.com\/en\/wp-json\/wp\/v2\/pages\/48902","targetHints":{"allow":["GET"]}}],"collection":[{"href":"https:\/\/www.bernardbonnefond.com\/en\/wp-json\/wp\/v2\/pages"}],"about":[{"href":"https:\/\/www.bernardbonnefond.com\/en\/wp-json\/wp\/v2\/types\/page"}],"author":[{"embeddable":true,"href":"https:\/\/www.bernardbonnefond.com\/en\/wp-json\/wp\/v2\/users\/7"}],"replies":[{"embeddable":true,"href":"https:\/\/www.bernardbonnefond.com\/en\/wp-json\/wp\/v2\/comments?post=48902"}],"version-history":[{"count":19,"href":"https:\/\/www.bernardbonnefond.com\/en\/wp-json\/wp\/v2\/pages\/48902\/revisions"}],"predecessor-version":[{"id":50149,"href":"https:\/\/www.bernardbonnefond.com\/en\/wp-json\/wp\/v2\/pages\/48902\/revisions\/50149"}],"wp:attachment":[{"href":"https:\/\/www.bernardbonnefond.com\/en\/wp-json\/wp\/v2\/media?parent=48902"}],"curies":[{"name":"wp","href":"https:\/\/api.w.org\/{rel}","templated":true}]}}