{"id":48902,"date":"2023-11-21T15:30:16","date_gmt":"2023-11-21T14:30:16","guid":{"rendered":"https:\/\/www.bernardbonnefond.com\/?page_id=48902"},"modified":"2024-04-19T17:11:54","modified_gmt":"2024-04-19T15:11:54","slug":"mentions-legales","status":"publish","type":"page","link":"https:\/\/www.bernardbonnefond.com\/fr\/mentions-legales\/","title":{"rendered":"Mentions l\u00e9gales"},"content":{"rendered":"\t\t<div data-elementor-type=\"wp-page\" data-elementor-id=\"48902\" class=\"elementor elementor-48902\" data-elementor-settings=\"{&quot;ha_cmc_init_switcher&quot;:&quot;no&quot;}\" data-elementor-post-type=\"page\">\n\t\t\t\t\t\t<section class=\"has_eae_slider elementor-section elementor-top-section elementor-element elementor-element-d00927b elementor-section-boxed elementor-section-height-default elementor-section-height-default\" data-eae-slider=\"21610\" data-id=\"d00927b\" data-element_type=\"section\" data-e-type=\"section\" data-settings=\"{&quot;_ha_eqh_enable&quot;:false}\">\n\t\t\t\t\t\t<div class=\"elementor-container elementor-column-gap-default\">\n\t\t\t\t\t<div class=\"has_eae_slider elementor-column elementor-col-100 elementor-top-column elementor-element elementor-element-03b00a9\" data-eae-slider=\"63837\" data-id=\"03b00a9\" data-element_type=\"column\" data-e-type=\"column\">\n\t\t\t<div class=\"elementor-widget-wrap elementor-element-populated\">\n\t\t\t\t\t\t<div class=\"elementor-element elementor-element-1489cf9 elementor-widget elementor-widget-spacer\" data-id=\"1489cf9\" data-element_type=\"widget\" data-e-type=\"widget\" data-widget_type=\"spacer.default\">\n\t\t\t\t<div class=\"elementor-widget-container\">\n\t\t\t\t\t\t\t<div class=\"elementor-spacer\">\n\t\t\t<div class=\"elementor-spacer-inner\"><\/div>\n\t\t<\/div>\n\t\t\t\t\t\t<\/div>\n\t\t\t\t<\/div>\n\t\t\t\t<div class=\"elementor-element elementor-element-ede34f9 elementor-widget elementor-widget-heading\" data-id=\"ede34f9\" data-element_type=\"widget\" data-e-type=\"widget\" data-widget_type=\"heading.default\">\n\t\t\t\t<div class=\"elementor-widget-container\">\n\t\t\t\t\t<h2 class=\"elementor-heading-title elementor-size-default\">Mentions l\u00e9gales<\/h2>\t\t\t\t<\/div>\n\t\t\t\t<\/div>\n\t\t\t\t<div class=\"elementor-element elementor-element-d12a5f7 elementor-widget elementor-widget-spacer\" data-id=\"d12a5f7\" data-element_type=\"widget\" data-e-type=\"widget\" data-widget_type=\"spacer.default\">\n\t\t\t\t<div class=\"elementor-widget-container\">\n\t\t\t\t\t\t\t<div class=\"elementor-spacer\">\n\t\t\t<div class=\"elementor-spacer-inner\"><\/div>\n\t\t<\/div>\n\t\t\t\t\t\t<\/div>\n\t\t\t\t<\/div>\n\t\t\t\t<div class=\"elementor-element elementor-element-6b027f1 elementor-widget elementor-widget-text-editor\" data-id=\"6b027f1\" data-element_type=\"widget\" data-e-type=\"widget\" data-widget_type=\"text-editor.default\">\n\t\t\t\t<div class=\"elementor-widget-container\">\n\t\t\t\t\t\t\t\t\t<p><span style=\"color: #2d2d2e; font-size: 16.45px; text-align: justify;\">Conform\u00e9ment aux dispositions de l&rsquo;article 6 de la loi n\u00b0 2004-575 du 21 juin 2004 pour la confiance dans l&rsquo;\u00e9conomie num\u00e9rique (LCEN) et de la loi n\u00b0 78-17 du 6 janvier 1978 relative \u00e0 l&rsquo;informatique, aux fichiers et aux libert\u00e9s, nous vous informons des \u00e9l\u00e9ments suivants :<\/span><\/p>\t\t\t\t\t\t\t\t<\/div>\n\t\t\t\t<\/div>\n\t\t\t\t<div class=\"elementor-element elementor-element-5d91385 elementor-widget elementor-widget-spacer\" data-id=\"5d91385\" data-element_type=\"widget\" data-e-type=\"widget\" data-widget_type=\"spacer.default\">\n\t\t\t\t<div class=\"elementor-widget-container\">\n\t\t\t\t\t\t\t<div class=\"elementor-spacer\">\n\t\t\t<div class=\"elementor-spacer-inner\"><\/div>\n\t\t<\/div>\n\t\t\t\t\t\t<\/div>\n\t\t\t\t<\/div>\n\t\t\t\t<section class=\"has_eae_slider elementor-section elementor-inner-section elementor-element elementor-element-22163f0 elementor-section-boxed elementor-section-height-default elementor-section-height-default\" data-eae-slider=\"50618\" data-id=\"22163f0\" data-element_type=\"section\" data-e-type=\"section\" data-settings=\"{&quot;_ha_eqh_enable&quot;:false}\">\n\t\t\t\t\t\t<div class=\"elementor-container elementor-column-gap-default\">\n\t\t\t\t\t<div class=\"has_eae_slider elementor-column elementor-col-50 elementor-inner-column elementor-element elementor-element-3bce43f\" data-eae-slider=\"44045\" data-id=\"3bce43f\" data-element_type=\"column\" data-e-type=\"column\">\n\t\t\t<div class=\"elementor-widget-wrap elementor-element-populated\">\n\t\t\t\t\t\t<div class=\"elementor-element elementor-element-911f301 elementor-widget elementor-widget-heading\" data-id=\"911f301\" data-element_type=\"widget\" data-e-type=\"widget\" data-widget_type=\"heading.default\">\n\t\t\t\t<div class=\"elementor-widget-container\">\n\t\t\t\t\t<h2 class=\"elementor-heading-title elementor-size-default\">Informations d\u2019ordre g\u00e9n\u00e9ral\u200b<\/h2>\t\t\t\t<\/div>\n\t\t\t\t<\/div>\n\t\t\t\t<div class=\"elementor-element elementor-element-dc81f8f elementor-widget elementor-widget-text-editor\" data-id=\"dc81f8f\" data-element_type=\"widget\" data-e-type=\"widget\" data-widget_type=\"text-editor.default\">\n\t\t\t\t<div class=\"elementor-widget-container\">\n\t\t\t\t\t\t\t\t\t<p>BERNARD BONNEFOND<\/p><p>S.A.S, Soci\u00e9t\u00e9 par action simplifi\u00e9e<\/p><p>Adresse: 7, all\u00e9e Mathieu Murgue, 42100 Saint Etienne<\/p><p>T\u00e9l\u00e9phone: 04 77 95 30 00<\/p><p>Courriel: general@bernardbonnefond.com<\/p><p>780 139 788 R.C.S. Saint-etienne<\/p><p>TVA FR78780139788<\/p>\t\t\t\t\t\t\t\t<\/div>\n\t\t\t\t<\/div>\n\t\t\t\t<div class=\"elementor-element elementor-element-61b9d5f elementor-widget elementor-widget-spacer\" data-id=\"61b9d5f\" data-element_type=\"widget\" data-e-type=\"widget\" data-widget_type=\"spacer.default\">\n\t\t\t\t<div class=\"elementor-widget-container\">\n\t\t\t\t\t\t\t<div class=\"elementor-spacer\">\n\t\t\t<div class=\"elementor-spacer-inner\"><\/div>\n\t\t<\/div>\n\t\t\t\t\t\t<\/div>\n\t\t\t\t<\/div>\n\t\t\t\t<div class=\"elementor-element elementor-element-c1886de elementor-widget elementor-widget-heading\" data-id=\"c1886de\" data-element_type=\"widget\" data-e-type=\"widget\" data-widget_type=\"heading.default\">\n\t\t\t\t<div class=\"elementor-widget-container\">\n\t\t\t\t\t<h2 class=\"elementor-heading-title elementor-size-default\">Protection des donn\u00e9es personnelles\u200b<\/h2>\t\t\t\t<\/div>\n\t\t\t\t<\/div>\n\t\t\t\t<div class=\"elementor-element elementor-element-4eff4a5 elementor-widget elementor-widget-text-editor\" data-id=\"4eff4a5\" data-element_type=\"widget\" data-e-type=\"widget\" data-widget_type=\"text-editor.default\">\n\t\t\t\t<div class=\"elementor-widget-container\">\n\t\t\t\t\t\t\t\t\t<p>Bernard Bonnefond s&rsquo;engage \u00e0 respecter la l\u00e9gislation en vigueur concernant la protection des donn\u00e9es personnelles. Pour plus d&rsquo;informations sur la mani\u00e8re dont nous collectons, traitons et prot\u00e9geons vos donn\u00e9es, veuillez consulter notre politique de confidentialit\u00e9.<\/p>\t\t\t\t\t\t\t\t<\/div>\n\t\t\t\t<\/div>\n\t\t\t\t<div class=\"elementor-element elementor-element-52bca40 elementor-widget elementor-widget-spacer\" data-id=\"52bca40\" data-element_type=\"widget\" data-e-type=\"widget\" data-widget_type=\"spacer.default\">\n\t\t\t\t<div class=\"elementor-widget-container\">\n\t\t\t\t\t\t\t<div class=\"elementor-spacer\">\n\t\t\t<div class=\"elementor-spacer-inner\"><\/div>\n\t\t<\/div>\n\t\t\t\t\t\t<\/div>\n\t\t\t\t<\/div>\n\t\t\t\t<div class=\"elementor-element elementor-element-b625d7d elementor-widget elementor-widget-heading\" data-id=\"b625d7d\" data-element_type=\"widget\" data-e-type=\"widget\" data-widget_type=\"heading.default\">\n\t\t\t\t<div class=\"elementor-widget-container\">\n\t\t\t\t\t<h2 class=\"elementor-heading-title elementor-size-default\">Cookies<\/h2>\t\t\t\t<\/div>\n\t\t\t\t<\/div>\n\t\t\t\t<div class=\"elementor-element elementor-element-a1cb959 elementor-widget elementor-widget-text-editor\" data-id=\"a1cb959\" data-element_type=\"widget\" data-e-type=\"widget\" data-widget_type=\"text-editor.default\">\n\t\t\t\t<div class=\"elementor-widget-container\">\n\t\t\t\t\t\t\t\t\t<p>Ce site web peut utiliser des cookies pour am\u00e9liorer l&rsquo;exp\u00e9rience de navigation des utilisateurs, conform\u00e9ment \u00e0 la directive 2002\/58\/CE du Parlement europ\u00e9en et du Conseil du 12 juillet 2002, modifi\u00e9e par la directive 2009\/136\/CE du 25 novembre 2009, et la loi n\u00b0 78-17 du 6 janvier 1978 relative \u00e0 l&rsquo;informatique, aux fichiers et aux libert\u00e9s. Pour plus d&rsquo;informations sur l&rsquo;utilisation des cookies et sur la mani\u00e8re de les g\u00e9rer, veuillez consulter notre politique en mati\u00e8re de cookies.<\/p>\t\t\t\t\t\t\t\t<\/div>\n\t\t\t\t<\/div>\n\t\t\t\t<div class=\"elementor-element elementor-element-75c7f35 elementor-widget elementor-widget-spacer\" data-id=\"75c7f35\" data-element_type=\"widget\" data-e-type=\"widget\" data-widget_type=\"spacer.default\">\n\t\t\t\t<div class=\"elementor-widget-container\">\n\t\t\t\t\t\t\t<div class=\"elementor-spacer\">\n\t\t\t<div class=\"elementor-spacer-inner\"><\/div>\n\t\t<\/div>\n\t\t\t\t\t\t<\/div>\n\t\t\t\t<\/div>\n\t\t\t\t<div class=\"elementor-element elementor-element-2c3cbf2 elementor-widget elementor-widget-heading\" data-id=\"2c3cbf2\" data-element_type=\"widget\" data-e-type=\"widget\" data-widget_type=\"heading.default\">\n\t\t\t\t<div class=\"elementor-widget-container\">\n\t\t\t\t\t<h2 class=\"elementor-heading-title elementor-size-default\">Droit d'auteur\u200b<\/h2>\t\t\t\t<\/div>\n\t\t\t\t<\/div>\n\t\t\t\t<div class=\"elementor-element elementor-element-bea6e6e elementor-widget elementor-widget-text-editor\" data-id=\"bea6e6e\" data-element_type=\"widget\" data-e-type=\"widget\" data-widget_type=\"text-editor.default\">\n\t\t\t\t<div class=\"elementor-widget-container\">\n\t\t\t\t\t\t\t\t\t<p>L&rsquo;ensemble du contenu de ce site web, y compris les textes, les images, les vid\u00e9os (source unslash et pexel) et les \u00e9l\u00e9ments graphiques, est la propri\u00e9t\u00e9 de Bernard Bonnefond et est prot\u00e9g\u00e9 par les lois sur les droits d&rsquo;auteur en vigueur (loi n\u00b0 92-597 du 1er juillet 1992). Toute reproduction, en tout ou en partie, du contenu de ce site est interdite sans l&rsquo;autorisation pr\u00e9alable \u00e9crite de Bernard Bonnefond.<\/p>\t\t\t\t\t\t\t\t<\/div>\n\t\t\t\t<\/div>\n\t\t\t\t<div class=\"elementor-element elementor-element-eb078fe elementor-widget elementor-widget-spacer\" data-id=\"eb078fe\" data-element_type=\"widget\" data-e-type=\"widget\" data-widget_type=\"spacer.default\">\n\t\t\t\t<div class=\"elementor-widget-container\">\n\t\t\t\t\t\t\t<div class=\"elementor-spacer\">\n\t\t\t<div class=\"elementor-spacer-inner\"><\/div>\n\t\t<\/div>\n\t\t\t\t\t\t<\/div>\n\t\t\t\t<\/div>\n\t\t\t\t<div class=\"elementor-element elementor-element-f782571 elementor-widget elementor-widget-heading\" data-id=\"f782571\" data-element_type=\"widget\" data-e-type=\"widget\" data-widget_type=\"heading.default\">\n\t\t\t\t<div class=\"elementor-widget-container\">\n\t\t\t\t\t<h2 class=\"elementor-heading-title elementor-size-default\">Lien vers d'autres sites web<\/h2>\t\t\t\t<\/div>\n\t\t\t\t<\/div>\n\t\t\t\t<div class=\"elementor-element elementor-element-2979f88 elementor-widget elementor-widget-text-editor\" data-id=\"2979f88\" data-element_type=\"widget\" data-e-type=\"widget\" data-widget_type=\"text-editor.default\">\n\t\t\t\t<div class=\"elementor-widget-container\">\n\t\t\t\t\t\t\t\t\t<p>Notre site web peut contenir des liens vers d&rsquo;autres sites web. Nous ne sommes pas responsables du contenu ou des pratiques de confidentialit\u00e9 de ces sites tiers. Nous vous encourageons \u00e0 lire les mentions l\u00e9gales et les politiques de confidentialit\u00e9 de ces sites avant de les utiliser.<\/p>\t\t\t\t\t\t\t\t<\/div>\n\t\t\t\t<\/div>\n\t\t\t\t<div class=\"elementor-element elementor-element-acef892 elementor-widget elementor-widget-spacer\" data-id=\"acef892\" data-element_type=\"widget\" data-e-type=\"widget\" data-widget_type=\"spacer.default\">\n\t\t\t\t<div class=\"elementor-widget-container\">\n\t\t\t\t\t\t\t<div class=\"elementor-spacer\">\n\t\t\t<div class=\"elementor-spacer-inner\"><\/div>\n\t\t<\/div>\n\t\t\t\t\t\t<\/div>\n\t\t\t\t<\/div>\n\t\t\t\t\t<\/div>\n\t\t<\/div>\n\t\t\t\t<div class=\"has_eae_slider elementor-column elementor-col-50 elementor-inner-column elementor-element elementor-element-b7b9cd6\" data-eae-slider=\"85110\" data-id=\"b7b9cd6\" data-element_type=\"column\" data-e-type=\"column\">\n\t\t\t<div class=\"elementor-widget-wrap elementor-element-populated\">\n\t\t\t\t\t\t<div class=\"elementor-element elementor-element-8843e3f elementor-widget elementor-widget-heading\" data-id=\"8843e3f\" data-element_type=\"widget\" data-e-type=\"widget\" data-widget_type=\"heading.default\">\n\t\t\t\t<div class=\"elementor-widget-container\">\n\t\t\t\t\t<h2 class=\"elementor-heading-title elementor-size-default\">Edition du site internet<\/h2>\t\t\t\t<\/div>\n\t\t\t\t<\/div>\n\t\t\t\t<div class=\"elementor-element elementor-element-c7b00ff elementor-widget elementor-widget-text-editor\" data-id=\"c7b00ff\" data-element_type=\"widget\" data-e-type=\"widget\" data-widget_type=\"text-editor.default\">\n\t\t\t\t<div class=\"elementor-widget-container\">\n\t\t\t\t\t\t\t\t\t<p>Responsable du site: Guillaume Monchalin<\/p>\t\t\t\t\t\t\t\t<\/div>\n\t\t\t\t<\/div>\n\t\t\t\t<div class=\"elementor-element elementor-element-0360d0a elementor-widget elementor-widget-spacer\" data-id=\"0360d0a\" data-element_type=\"widget\" data-e-type=\"widget\" data-widget_type=\"spacer.default\">\n\t\t\t\t<div class=\"elementor-widget-container\">\n\t\t\t\t\t\t\t<div class=\"elementor-spacer\">\n\t\t\t<div class=\"elementor-spacer-inner\"><\/div>\n\t\t<\/div>\n\t\t\t\t\t\t<\/div>\n\t\t\t\t<\/div>\n\t\t\t\t<div class=\"elementor-element elementor-element-a263eee elementor-widget elementor-widget-heading\" data-id=\"a263eee\" data-element_type=\"widget\" data-e-type=\"widget\" data-widget_type=\"heading.default\">\n\t\t\t\t<div class=\"elementor-widget-container\">\n\t\t\t\t\t<h2 class=\"elementor-heading-title elementor-size-default\">H\u00e9bergement du site internet<\/h2>\t\t\t\t<\/div>\n\t\t\t\t<\/div>\n\t\t\t\t<div class=\"elementor-element elementor-element-8dac6d9 elementor-widget elementor-widget-text-editor\" data-id=\"8dac6d9\" data-element_type=\"widget\" data-e-type=\"widget\" data-widget_type=\"text-editor.default\">\n\t\t\t\t<div class=\"elementor-widget-container\">\n\t\t\t\t\t\t\t\t\t<p>H\u00e9bergement du site : NEXEREN<\/p>\n<p>Adresse de l&rsquo;h\u00e9bergeur : Technoparc Saone Vall\u00e9e, 01390 Civrieux<\/p>\n<p>T\u00e9l\u00e9phone de l&rsquo;h\u00e9bergeur : 04 81 13 01 77<\/p>\n<p>E-mail de l&rsquo;h\u00e9bergeur : Contact@nexeren.com<\/p>\t\t\t\t\t\t\t\t<\/div>\n\t\t\t\t<\/div>\n\t\t\t\t<div class=\"elementor-element elementor-element-c7a40af elementor-widget elementor-widget-spacer\" data-id=\"c7a40af\" data-element_type=\"widget\" data-e-type=\"widget\" data-widget_type=\"spacer.default\">\n\t\t\t\t<div class=\"elementor-widget-container\">\n\t\t\t\t\t\t\t<div class=\"elementor-spacer\">\n\t\t\t<div class=\"elementor-spacer-inner\"><\/div>\n\t\t<\/div>\n\t\t\t\t\t\t<\/div>\n\t\t\t\t<\/div>\n\t\t\t\t\t<\/div>\n\t\t<\/div>\n\t\t\t\t\t<\/div>\n\t\t<\/section>\n\t\t\t\t<div class=\"elementor-element elementor-element-423246e elementor-widget elementor-widget-heading\" data-id=\"423246e\" data-element_type=\"widget\" data-e-type=\"widget\" data-widget_type=\"heading.default\">\n\t\t\t\t<div class=\"elementor-widget-container\">\n\t\t\t\t\t<h2 class=\"elementor-heading-title elementor-size-default\">Mention RGPD<\/h2>\t\t\t\t<\/div>\n\t\t\t\t<\/div>\n\t\t\t\t<div class=\"elementor-element elementor-element-ddf70c8 elementor-widget elementor-widget-text-editor\" data-id=\"ddf70c8\" data-element_type=\"widget\" data-e-type=\"widget\" data-widget_type=\"text-editor.default\">\n\t\t\t\t<div class=\"elementor-widget-container\">\n\t\t\t\t\t\t\t\t\t<p>Nous attachons une grande importance \u00e0 la protection de vos donn\u00e9es personnelles. Cette section explique comment nous collectons, utilisons et prot\u00e9geons vos donn\u00e9es.<\/p><p>Sur notre site web, nous utilisons Google Analytics, un service d&rsquo;analyse web fourni par Google Inc. Ce service utilise des cookies pour collecter des informations sur la mani\u00e8re dont les visiteurs interagissent avec notre site. Ces donn\u00e9es, telles que le nombre de visiteurs, les pages consult\u00e9es, la provenance g\u00e9ographique, et le temps pass\u00e9 sur le site, nous aident \u00e0 comprendre le comportement des utilisateurs et \u00e0 am\u00e9liorer constamment l&rsquo;exp\u00e9rience de navigation.<\/p><p>Google Analytics ne collecte pas d&rsquo;informations personnelles identifiables, telles que votre nom ou votre adresse e-mail. Toutes les donn\u00e9es recueillies sont anonymis\u00e9es et agr\u00e9g\u00e9es.<\/p><p>Par ailleurs, lorsque vous utilisez notre formulaire de contact, nous recueillons les informations que vous choisissez de nous fournir volontairement, telles que votre nom, votre adresse e-mail, et votre message. Ces donn\u00e9es sont utilis\u00e9es exclusivement dans le but de r\u00e9pondre \u00e0 vos demandes et de vous fournir un service personnalis\u00e9.<\/p><p>Nous utilisons vos donn\u00e9es personnelles pour les finalit\u00e9s suivantes :<\/p><ul><li>R\u00e9pondre \u00e0 vos demandes de renseignements.<\/li><li>Vous envoyer des informations sur nos produits, services et offres, si vous avez consenti \u00e0 recevoir de telles communications.<\/li><li>Am\u00e9liorer notre site web et nos services.<\/li><\/ul><p>Nous mettons en place des mesures de s\u00e9curit\u00e9 appropri\u00e9es pour prot\u00e9ger vos donn\u00e9es personnelles contre tout acc\u00e8s non autoris\u00e9, toute divulgation, alt\u00e9ration ou destruction. Nous respectons les normes de s\u00e9curit\u00e9 et de confidentialit\u00e9 en vigueur.<\/p><p>Conform\u00e9ment au R\u00e8glement G\u00e9n\u00e9ral sur la Protection des Donn\u00e9es (RGPD) (R\u00e8glement (UE) 2016\/679), vous avez le droit d&rsquo;acc\u00e9der, de rectifier, de supprimer ou de limiter le traitement de vos donn\u00e9es personnelles. Pour exercer ces droits, veuillez nous contacter \u00e0 general@bernardbonnefond.com et guillaume.monchalin@bernardbonnefond.com<\/p><p><strong style=\"font-size: 16.45px; color: var( --e-global-color-accent ); text-align: var(--text-align);\">Derni\u00e8re mise \u00e0 jour RGPD :<\/strong><span style=\"font-size: 16.45px; color: var( --e-global-color-accent ); text-align: var(--text-align);\"> 18\/10\/2023.<\/span><\/p><p>Consultez notre politique de confidentialit\u00e9 compl\u00e8te pour plus d&rsquo;informations sur la collecte et le traitement de vos donn\u00e9es personnelles.<\/p><p>\u00a0<\/p><p>Pour toute question ou demande de renseignements, veuillez nous contacter \u00e0 l&rsquo;adresse \u00e9lectronique suivante: general@bernardbonnefond.com et guillaume.monchalin@bernardbonnefond.com<\/p>\t\t\t\t\t\t\t\t<\/div>\n\t\t\t\t<\/div>\n\t\t\t\t<div class=\"elementor-element elementor-element-180a390 elementor-widget elementor-widget-spacer\" data-id=\"180a390\" data-element_type=\"widget\" data-e-type=\"widget\" data-widget_type=\"spacer.default\">\n\t\t\t\t<div class=\"elementor-widget-container\">\n\t\t\t\t\t\t\t<div class=\"elementor-spacer\">\n\t\t\t<div class=\"elementor-spacer-inner\"><\/div>\n\t\t<\/div>\n\t\t\t\t\t\t<\/div>\n\t\t\t\t<\/div>\n\t\t\t\t<div class=\"elementor-element elementor-element-ba7ba01 elementor-widget elementor-widget-heading\" data-id=\"ba7ba01\" data-element_type=\"widget\" data-e-type=\"widget\" data-widget_type=\"heading.default\">\n\t\t\t\t<div class=\"elementor-widget-container\">\n\t\t\t\t\t<h2 class=\"elementor-heading-title elementor-size-default\">Derni\u00e8re mise \u00e0 jour de la mention l\u00e9gale: 18\/10\/2023<\/h2>\t\t\t\t<\/div>\n\t\t\t\t<\/div>\n\t\t\t\t\t<\/div>\n\t\t<\/div>\n\t\t\t\t\t<\/div>\n\t\t<\/section>\n\t\t\t\t<\/div>\n\t\t","protected":false},"excerpt":{"rendered":"<p>Mentions l\u00e9gales Conform\u00e9ment aux dispositions de l&rsquo;article 6 de la loi n\u00b0 2004-575 du 21 juin 2004 pour la confiance dans l&rsquo;\u00e9conomie num\u00e9rique (LCEN) et de la loi n\u00b0 78-17 du 6 janvier 1978 relative \u00e0 l&rsquo;informatique, aux fichiers et aux libert\u00e9s, nous vous informons des \u00e9l\u00e9ments suivants : Informations d\u2019ordre g\u00e9n\u00e9ral\u200b BERNARD BONNEFOND S.A.S, [&hellip;]<\/p>\n","protected":false},"author":7,"featured_media":0,"parent":0,"menu_order":0,"comment_status":"closed","ping_status":"closed","template":"","meta":{"footnotes":""},"class_list":["post-48902","page","type-page","status-publish","hentry"],"_links":{"self":[{"href":"https:\/\/www.bernardbonnefond.com\/fr\/wp-json\/wp\/v2\/pages\/48902","targetHints":{"allow":["GET"]}}],"collection":[{"href":"https:\/\/www.bernardbonnefond.com\/fr\/wp-json\/wp\/v2\/pages"}],"about":[{"href":"https:\/\/www.bernardbonnefond.com\/fr\/wp-json\/wp\/v2\/types\/page"}],"author":[{"embeddable":true,"href":"https:\/\/www.bernardbonnefond.com\/fr\/wp-json\/wp\/v2\/users\/7"}],"replies":[{"embeddable":true,"href":"https:\/\/www.bernardbonnefond.com\/fr\/wp-json\/wp\/v2\/comments?post=48902"}],"version-history":[{"count":19,"href":"https:\/\/www.bernardbonnefond.com\/fr\/wp-json\/wp\/v2\/pages\/48902\/revisions"}],"predecessor-version":[{"id":50149,"href":"https:\/\/www.bernardbonnefond.com\/fr\/wp-json\/wp\/v2\/pages\/48902\/revisions\/50149"}],"wp:attachment":[{"href":"https:\/\/www.bernardbonnefond.com\/fr\/wp-json\/wp\/v2\/media?parent=48902"}],"curies":[{"name":"wp","href":"https:\/\/api.w.org\/{rel}","templated":true}]}}