{"id":48928,"date":"2023-11-21T16:21:45","date_gmt":"2023-11-21T15:21:45","guid":{"rendered":"https:\/\/www.bernardbonnefond.com\/?page_id=48928"},"modified":"2024-01-23T10:39:40","modified_gmt":"2024-01-23T09:39:40","slug":"cookies","status":"publish","type":"page","link":"https:\/\/www.bernardbonnefond.com\/fr\/cookies\/","title":{"rendered":"Cookies"},"content":{"rendered":"\t\t<div data-elementor-type=\"wp-page\" data-elementor-id=\"48928\" class=\"elementor elementor-48928\" data-elementor-settings=\"{&quot;ha_cmc_init_switcher&quot;:&quot;no&quot;}\" data-elementor-post-type=\"page\">\n\t\t\t\t\t\t<section class=\"has_eae_slider elementor-section elementor-top-section elementor-element elementor-element-6e3a256 elementor-section-boxed elementor-section-height-default elementor-section-height-default\" data-eae-slider=\"59184\" data-id=\"6e3a256\" data-element_type=\"section\" data-e-type=\"section\" data-settings=\"{&quot;_ha_eqh_enable&quot;:false}\">\n\t\t\t\t\t\t<div class=\"elementor-container elementor-column-gap-default\">\n\t\t\t\t\t<div class=\"has_eae_slider elementor-column elementor-col-100 elementor-top-column elementor-element elementor-element-48f4c17\" data-eae-slider=\"93924\" data-id=\"48f4c17\" data-element_type=\"column\" data-e-type=\"column\">\n\t\t\t<div class=\"elementor-widget-wrap elementor-element-populated\">\n\t\t\t\t\t\t<div class=\"elementor-element elementor-element-63d6afd elementor-widget elementor-widget-spacer\" data-id=\"63d6afd\" data-element_type=\"widget\" data-e-type=\"widget\" data-widget_type=\"spacer.default\">\n\t\t\t\t<div class=\"elementor-widget-container\">\n\t\t\t\t\t\t\t<div class=\"elementor-spacer\">\n\t\t\t<div class=\"elementor-spacer-inner\"><\/div>\n\t\t<\/div>\n\t\t\t\t\t\t<\/div>\n\t\t\t\t<\/div>\n\t\t\t\t<div class=\"elementor-element elementor-element-5eac933 elementor-widget elementor-widget-heading\" data-id=\"5eac933\" data-element_type=\"widget\" data-e-type=\"widget\" data-widget_type=\"heading.default\">\n\t\t\t\t<div class=\"elementor-widget-container\">\n\t\t\t\t\t<h2 class=\"elementor-heading-title elementor-size-default\">Param\u00e8tres des cookies<\/h2>\t\t\t\t<\/div>\n\t\t\t\t<\/div>\n\t\t\t\t<div class=\"elementor-element elementor-element-38fa1e2 elementor-widget elementor-widget-spacer\" data-id=\"38fa1e2\" data-element_type=\"widget\" data-e-type=\"widget\" data-widget_type=\"spacer.default\">\n\t\t\t\t<div class=\"elementor-widget-container\">\n\t\t\t\t\t\t\t<div class=\"elementor-spacer\">\n\t\t\t<div class=\"elementor-spacer-inner\"><\/div>\n\t\t<\/div>\n\t\t\t\t\t\t<\/div>\n\t\t\t\t<\/div>\n\t\t\t\t<div class=\"elementor-element elementor-element-1ef055b elementor-widget elementor-widget-text-editor\" data-id=\"1ef055b\" data-element_type=\"widget\" data-e-type=\"widget\" data-widget_type=\"text-editor.default\">\n\t\t\t\t<div class=\"elementor-widget-container\">\n\t\t\t\t\t\t\t\t\t<p>Conform\u00e9ment aux dispositions de l&rsquo;article 6 de la loi n\u00b0 2004-575 du 21 juin 2004 pour la confiance dans l&rsquo;\u00e9conomie num\u00e9rique (LCEN) et de la loi n\u00b0 78-17 du 6 janvier 1978 relative \u00e0 l&rsquo;informatique, aux fichiers et aux libert\u00e9s, nous vous informons des \u00e9l\u00e9ments suivants :<\/p>\t\t\t\t\t\t\t\t<\/div>\n\t\t\t\t<\/div>\n\t\t\t\t<div class=\"elementor-element elementor-element-de202e5 elementor-widget elementor-widget-spacer\" data-id=\"de202e5\" data-element_type=\"widget\" data-e-type=\"widget\" data-widget_type=\"spacer.default\">\n\t\t\t\t<div class=\"elementor-widget-container\">\n\t\t\t\t\t\t\t<div class=\"elementor-spacer\">\n\t\t\t<div class=\"elementor-spacer-inner\"><\/div>\n\t\t<\/div>\n\t\t\t\t\t\t<\/div>\n\t\t\t\t<\/div>\n\t\t\t\t<section class=\"has_eae_slider elementor-section elementor-inner-section elementor-element elementor-element-9409ce7 elementor-section-boxed elementor-section-height-default elementor-section-height-default\" data-eae-slider=\"65931\" data-id=\"9409ce7\" data-element_type=\"section\" data-e-type=\"section\" data-settings=\"{&quot;_ha_eqh_enable&quot;:false}\">\n\t\t\t\t\t\t<div class=\"elementor-container elementor-column-gap-default\">\n\t\t\t\t\t<div class=\"has_eae_slider elementor-column elementor-col-50 elementor-inner-column elementor-element elementor-element-6b98797\" data-eae-slider=\"46655\" data-id=\"6b98797\" data-element_type=\"column\" data-e-type=\"column\">\n\t\t\t<div class=\"elementor-widget-wrap elementor-element-populated\">\n\t\t\t\t\t\t<div class=\"elementor-element elementor-element-1ad6cde elementor-widget elementor-widget-heading\" data-id=\"1ad6cde\" data-element_type=\"widget\" data-e-type=\"widget\" data-widget_type=\"heading.default\">\n\t\t\t\t<div class=\"elementor-widget-container\">\n\t\t\t\t\t<h2 class=\"elementor-heading-title elementor-size-default\">Types de Cookies que nous pouvons utiliser :<\/h2>\t\t\t\t<\/div>\n\t\t\t\t<\/div>\n\t\t\t\t<div class=\"elementor-element elementor-element-8a9bd4c elementor-widget elementor-widget-text-editor\" data-id=\"8a9bd4c\" data-element_type=\"widget\" data-e-type=\"widget\" data-widget_type=\"text-editor.default\">\n\t\t\t\t<div class=\"elementor-widget-container\">\n\t\t\t\t\t\t\t\t\t<ol><li><p><strong>Cookies Essentiels :<\/strong> Ces cookies sont n\u00e9cessaires au bon fonctionnement de notre site web. Ils incluent des cookies de session qui vous permettent de rester connect\u00e9 et des cookies de s\u00e9curit\u00e9 qui prot\u00e8gent votre compte.<\/p><\/li><li><p><strong>Cookies de Performance :<\/strong> Ces cookies collectent des informations sur la mani\u00e8re dont vous utilisez notre site web. Ils nous aident \u00e0 am\u00e9liorer la convivialit\u00e9 et \u00e0 identifier les \u00e9ventuels probl\u00e8mes de performance.<\/p><\/li><li><p><strong>Cookies de Fonctionnalit\u00e9 :<\/strong> Ces cookies permettent au site de se souvenir de vos pr\u00e9f\u00e9rences (comme la langue ou la r\u00e9gion) et offrent une exp\u00e9rience plus personnalis\u00e9e.<\/p><\/li><li><p><strong>Cookies de Publicit\u00e9 et de Tiers :<\/strong> Ces cookies suivent votre comportement de navigation et nous aident \u00e0 diffuser des publicit\u00e9s cibl\u00e9es. Nous pouvons \u00e9galement autoriser des tiers, tels que les r\u00e9seaux sociaux, \u00e0 placer des cookies sur notre site.<\/p><\/li><\/ol>\t\t\t\t\t\t\t\t<\/div>\n\t\t\t\t<\/div>\n\t\t\t\t<div class=\"elementor-element elementor-element-51bb5ce elementor-widget elementor-widget-spacer\" data-id=\"51bb5ce\" data-element_type=\"widget\" data-e-type=\"widget\" data-widget_type=\"spacer.default\">\n\t\t\t\t<div class=\"elementor-widget-container\">\n\t\t\t\t\t\t\t<div class=\"elementor-spacer\">\n\t\t\t<div class=\"elementor-spacer-inner\"><\/div>\n\t\t<\/div>\n\t\t\t\t\t\t<\/div>\n\t\t\t\t<\/div>\n\t\t\t\t\t<\/div>\n\t\t<\/div>\n\t\t\t\t<div class=\"has_eae_slider elementor-column elementor-col-50 elementor-inner-column elementor-element elementor-element-fae9258\" data-eae-slider=\"54320\" data-id=\"fae9258\" data-element_type=\"column\" data-e-type=\"column\">\n\t\t\t<div class=\"elementor-widget-wrap elementor-element-populated\">\n\t\t\t\t\t\t<div class=\"elementor-element elementor-element-61eaffd elementor-widget elementor-widget-heading\" data-id=\"61eaffd\" data-element_type=\"widget\" data-e-type=\"widget\" data-widget_type=\"heading.default\">\n\t\t\t\t<div class=\"elementor-widget-container\">\n\t\t\t\t\t<h2 class=\"elementor-heading-title elementor-size-default\">G\u00e9rer vos Pr\u00e9f\u00e9rences :<\/h2>\t\t\t\t<\/div>\n\t\t\t\t<\/div>\n\t\t\t\t<div class=\"elementor-element elementor-element-fc8db5f elementor-widget elementor-widget-text-editor\" data-id=\"fc8db5f\" data-element_type=\"widget\" data-e-type=\"widget\" data-widget_type=\"text-editor.default\">\n\t\t\t\t<div class=\"elementor-widget-container\">\n\t\t\t\t\t\t\t\t\t<p>Vous avez le contr\u00f4le total sur les cookies que vous acceptez ou refusez. Lors de votre premi\u00e8re visite sur notre site, vous pouvez personnaliser vos param\u00e8tres de cookies en cliquant sur \u00ab\u00a0G\u00e9rer les cookies\u00a0\u00bb ou un lien similaire qui appara\u00eetra. Vous pouvez \u00e0 tout moment modifier ces param\u00e8tres en acc\u00e9dant \u00e0 la page \u00ab\u00a0Param\u00e8tres de Cookies\u00a0\u00bb dans le pied de page de notre site.<\/p>\t\t\t\t\t\t\t\t<\/div>\n\t\t\t\t<\/div>\n\t\t\t\t<div class=\"elementor-element elementor-element-542f835 elementor-widget elementor-widget-spacer\" data-id=\"542f835\" data-element_type=\"widget\" data-e-type=\"widget\" data-widget_type=\"spacer.default\">\n\t\t\t\t<div class=\"elementor-widget-container\">\n\t\t\t\t\t\t\t<div class=\"elementor-spacer\">\n\t\t\t<div class=\"elementor-spacer-inner\"><\/div>\n\t\t<\/div>\n\t\t\t\t\t\t<\/div>\n\t\t\t\t<\/div>\n\t\t\t\t<div class=\"elementor-element elementor-element-a91b11c elementor-widget elementor-widget-heading\" data-id=\"a91b11c\" data-element_type=\"widget\" data-e-type=\"widget\" data-widget_type=\"heading.default\">\n\t\t\t\t<div class=\"elementor-widget-container\">\n\t\t\t\t\t<h2 class=\"elementor-heading-title elementor-size-default\">Consentement :<\/h2>\t\t\t\t<\/div>\n\t\t\t\t<\/div>\n\t\t\t\t<div class=\"elementor-element elementor-element-55abd36 elementor-widget elementor-widget-text-editor\" data-id=\"55abd36\" data-element_type=\"widget\" data-e-type=\"widget\" data-widget_type=\"text-editor.default\">\n\t\t\t\t<div class=\"elementor-widget-container\">\n\t\t\t\t\t\t\t\t\t<p>En utilisant notre site web, vous consentez \u00e0 l&rsquo;utilisation de cookies conform\u00e9ment \u00e0 vos param\u00e8tres personnalis\u00e9s. Vous avez \u00e9galement la possibilit\u00e9 de retirer votre consentement \u00e0 tout moment en modifiant vos pr\u00e9f\u00e9rences de cookies.<\/p>\t\t\t\t\t\t\t\t<\/div>\n\t\t\t\t<\/div>\n\t\t\t\t<div class=\"elementor-element elementor-element-04aa625 elementor-widget elementor-widget-spacer\" data-id=\"04aa625\" data-element_type=\"widget\" data-e-type=\"widget\" data-widget_type=\"spacer.default\">\n\t\t\t\t<div class=\"elementor-widget-container\">\n\t\t\t\t\t\t\t<div class=\"elementor-spacer\">\n\t\t\t<div class=\"elementor-spacer-inner\"><\/div>\n\t\t<\/div>\n\t\t\t\t\t\t<\/div>\n\t\t\t\t<\/div>\n\t\t\t\t\t<\/div>\n\t\t<\/div>\n\t\t\t\t\t<\/div>\n\t\t<\/section>\n\t\t\t\t<div class=\"elementor-element elementor-element-b6443c2 elementor-widget elementor-widget-heading\" data-id=\"b6443c2\" data-element_type=\"widget\" data-e-type=\"widget\" data-widget_type=\"heading.default\">\n\t\t\t\t<div class=\"elementor-widget-container\">\n\t\t\t\t\t<h2 class=\"elementor-heading-title elementor-size-default\">Plus d'informations :<\/h2>\t\t\t\t<\/div>\n\t\t\t\t<\/div>\n\t\t\t\t<div class=\"elementor-element elementor-element-ebd8fac elementor-widget elementor-widget-text-editor\" data-id=\"ebd8fac\" data-element_type=\"widget\" data-e-type=\"widget\" data-widget_type=\"text-editor.default\">\n\t\t\t\t<div class=\"elementor-widget-container\">\n\t\t\t\t\t\t\t\t\t<p>Si vous souhaitez en savoir plus sur notre utilisation des cookies et comment nous prot\u00e9geons vos donn\u00e9es personnelles, veuillez consulter notre politique de confidentialit\u00e9. Nous nous engageons \u00e0 respecter votre vie priv\u00e9e et \u00e0 garantir une exp\u00e9rience de navigation transparente.<\/p><p>Nous esp\u00e9rons que ces param\u00e8tres de cookies vous offrent un contr\u00f4le complet sur votre exp\u00e9rience sur notre site web. Votre satisfaction est notre priorit\u00e9, et nous sommes l\u00e0 pour r\u00e9pondre \u00e0 toutes vos questions concernant notre politique de cookies.<\/p>\t\t\t\t\t\t\t\t<\/div>\n\t\t\t\t<\/div>\n\t\t\t\t<div class=\"elementor-element elementor-element-3aeee5a elementor-widget elementor-widget-spacer\" data-id=\"3aeee5a\" data-element_type=\"widget\" data-e-type=\"widget\" data-widget_type=\"spacer.default\">\n\t\t\t\t<div class=\"elementor-widget-container\">\n\t\t\t\t\t\t\t<div class=\"elementor-spacer\">\n\t\t\t<div class=\"elementor-spacer-inner\"><\/div>\n\t\t<\/div>\n\t\t\t\t\t\t<\/div>\n\t\t\t\t<\/div>\n\t\t\t\t<div class=\"elementor-element elementor-element-3de2f69 elementor-widget elementor-widget-text-editor\" data-id=\"3de2f69\" data-element_type=\"widget\" data-e-type=\"widget\" data-widget_type=\"text-editor.default\">\n\t\t\t\t<div class=\"elementor-widget-container\">\n\t\t\t\t\t\t\t\t\t<p>Pour toute question ou demande de renseignements, veuillez nous contacter \u00e0 l&rsquo;adresse \u00e9lectronique suivante: general@bernardbonnefond.com et guillaume.monchalin@bernardbonnefond.com<\/p>\t\t\t\t\t\t\t\t<\/div>\n\t\t\t\t<\/div>\n\t\t\t\t<div class=\"elementor-element elementor-element-9c3b149 elementor-widget elementor-widget-spacer\" data-id=\"9c3b149\" data-element_type=\"widget\" data-e-type=\"widget\" data-widget_type=\"spacer.default\">\n\t\t\t\t<div class=\"elementor-widget-container\">\n\t\t\t\t\t\t\t<div class=\"elementor-spacer\">\n\t\t\t<div class=\"elementor-spacer-inner\"><\/div>\n\t\t<\/div>\n\t\t\t\t\t\t<\/div>\n\t\t\t\t<\/div>\n\t\t\t\t<div class=\"elementor-element elementor-element-d5524f1 elementor-widget elementor-widget-heading\" data-id=\"d5524f1\" data-element_type=\"widget\" data-e-type=\"widget\" data-widget_type=\"heading.default\">\n\t\t\t\t<div class=\"elementor-widget-container\">\n\t\t\t\t\t<h2 class=\"elementor-heading-title elementor-size-default\">Date de derni\u00e8re mise \u00e0 jour des param\u00e8tres de cookies: 18\/10\/2023<\/h2>\t\t\t\t<\/div>\n\t\t\t\t<\/div>\n\t\t\t\t\t<\/div>\n\t\t<\/div>\n\t\t\t\t\t<\/div>\n\t\t<\/section>\n\t\t\t\t<\/div>\n\t\t","protected":false},"excerpt":{"rendered":"<p>Param\u00e8tres des cookies Conform\u00e9ment aux dispositions de l&rsquo;article 6 de la loi n\u00b0 2004-575 du 21 juin 2004 pour la confiance dans l&rsquo;\u00e9conomie num\u00e9rique (LCEN) et de la loi n\u00b0 78-17 du 6 janvier 1978 relative \u00e0 l&rsquo;informatique, aux fichiers et aux libert\u00e9s, nous vous informons des \u00e9l\u00e9ments suivants : Types de Cookies que nous [&hellip;]<\/p>\n","protected":false},"author":7,"featured_media":0,"parent":0,"menu_order":0,"comment_status":"closed","ping_status":"closed","template":"","meta":{"footnotes":""},"class_list":["post-48928","page","type-page","status-publish","hentry"],"_links":{"self":[{"href":"https:\/\/www.bernardbonnefond.com\/fr\/wp-json\/wp\/v2\/pages\/48928","targetHints":{"allow":["GET"]}}],"collection":[{"href":"https:\/\/www.bernardbonnefond.com\/fr\/wp-json\/wp\/v2\/pages"}],"about":[{"href":"https:\/\/www.bernardbonnefond.com\/fr\/wp-json\/wp\/v2\/types\/page"}],"author":[{"embeddable":true,"href":"https:\/\/www.bernardbonnefond.com\/fr\/wp-json\/wp\/v2\/users\/7"}],"replies":[{"embeddable":true,"href":"https:\/\/www.bernardbonnefond.com\/fr\/wp-json\/wp\/v2\/comments?post=48928"}],"version-history":[{"count":7,"href":"https:\/\/www.bernardbonnefond.com\/fr\/wp-json\/wp\/v2\/pages\/48928\/revisions"}],"predecessor-version":[{"id":49157,"href":"https:\/\/www.bernardbonnefond.com\/fr\/wp-json\/wp\/v2\/pages\/48928\/revisions\/49157"}],"wp:attachment":[{"href":"https:\/\/www.bernardbonnefond.com\/fr\/wp-json\/wp\/v2\/media?parent=48928"}],"curies":[{"name":"wp","href":"https:\/\/api.w.org\/{rel}","templated":true}]}}